
{"id":151,"date":"2021-03-18T08:28:08","date_gmt":"2021-03-18T07:28:08","guid":{"rendered":"https:\/\/przedszkole61.edu.wroclaw.pl\/?page_id=151"},"modified":"2025-11-13T23:07:08","modified_gmt":"2025-11-13T22:07:08","slug":"oferta-edukacyjna","status":"publish","type":"page","link":"https:\/\/przedszkole61.edu.wroclaw.pl\/index.php\/oferta-edukacyjna\/","title":{"rendered":"Oferta edukacyjna"},"content":{"rendered":"<div class=\"wpb-content-wrapper\"><p>[vc_row][vc_column width=&#8221;1\/2&#8243;][vc_column_text css=&#8221;&#8221;]<\/p>\n<h2>KIERUNKI NASZYCH DZIA\u0141A\u0143<\/h2>\n<div id=\"pe-content\" class=\"col-md-12\">\n<p>&nbsp;<\/p>\n<article class=\"post-25236 page type-page status-publish clearfix\">\n<div class=\"pe-article-content\">\n<div class=\"vc_row wpb_row vc_row-fluid\">\n<div class=\"wpb_column vc_column_container vc_col-sm-12\">\n<div class=\"vc_column-inner\">\n<div class=\"wpb_wrapper\">\n<div class=\"wpb_text_column wpb_content_element \">\n<div class=\"wpb_wrapper\">\n<p><strong>W roku szkolnym 2025\/2026 realizujemy \u2013 w oparciu o <a href=\"https:\/\/przedszkole61.edu.wroclaw.pl\/wp-content\/uploads\/sites\/58\/2021\/04\/Podstawa-programowa-wychowania-przedszkolnego.docx\">now\u0105 Podstaw\u0119 Programow\u0105 MEN<\/a>\u2013 tre\u015bci zawarte w programach:<\/strong><\/p>\n<ul>\n<li><strong>Program wychowania przedszkolnego<\/strong> \u2013 Wies\u0142awa \u017baba \u2013 \u017babi\u0144ska, Wioletta Majewska, Renata Pa\u017adzio Wyd. Mac Edukacja<\/li>\n<li><a href=\"https:\/\/przyjacielenatury.pl\/\">Kubusiowi przyjaciele natury- og\u00f3lnopolski program ekologiczny<\/a><\/li>\n<\/ul>\n<p>oraz opracowane przez Rad\u0119 Pedagogiczn\u0105:<\/p>\n<ul>\n<li><strong>Plan pracy na rok szkolny 2025\/2026 &#8222;My G<\/strong><strong>ajowickie Skrzaty o zdrowiu i bezpiecze\u0144stwie wiele wiemy i postawy patriotyczne budujemy&#8221;<\/strong><\/li>\n<li><strong>Projekt edukacyjny dla dzieci 6 \u2013 letnich: <a href=\"https:\/\/przedszkole61.edu.wroclaw.pl\/wp-content\/uploads\/sites\/58\/2025\/09\/projekt-edukacyjny-15.pdf\">Gajowickie Skrzaty zdrowo fermentuj\u0105<\/a><\/strong><\/li>\n<li><strong>Program Promocji Zdrowia: <\/strong><a href=\"https:\/\/przedszkole61.edu.wroclaw.pl\/wp-content\/uploads\/sites\/58\/2025\/10\/Plan-promocji-zdrowia6.pdf\">Gajowickie Skrzaty to zdrowe przedszkolaki<\/a><\/li>\n<\/ul>\n<p>Corocznie bierzemy udzia\u0142 w programach i kampaniach spo\u0142eczno-edukacyjnych organizowanych przez Wydzia\u0142 Zdrowia Urz\u0119du Miejskiego oraz inne instytucje m.in.: PPP, Komisariat Policji, Jednostk\u0119 Stra\u017cy Po\u017carnej, LOP itp.<\/p>\n<\/div>\n<\/div>\n<\/div>\n<\/div>\n<\/div>\n<\/div>\n<\/div>\n<\/article>\n<p>&nbsp;<\/p>\n<\/div>\n<p>[\/vc_column_text][\/vc_column][vc_column width=&#8221;1\/2&#8243;][\/vc_column][\/vc_row]<\/p>\n<\/div>","protected":false},"excerpt":{"rendered":"<p>[vc_row][vc_column width=&#8221;1\/2&#8243;][vc_column_text css=&#8221;&#8221;] KIERUNKI NASZYCH DZIA\u0141A\u0143 &nbsp; W roku szkolnym 2025\/2026 realizujemy \u2013 w oparciu o now\u0105 Podstaw\u0119 Programow\u0105 MEN\u2013 tre\u015bci zawarte w programach: Program wychowania przedszkolnego \u2013 Wies\u0142awa \u017baba [&hellip;]<\/p>\n","protected":false},"author":15,"featured_media":0,"parent":0,"menu_order":0,"comment_status":"closed","ping_status":"closed","template":"","meta":{"ngg_post_thumbnail":0,"footnotes":""},"class_list":["post-151","page","type-page","status-publish","hentry","clearfix"],"_links":{"self":[{"href":"https:\/\/przedszkole61.edu.wroclaw.pl\/index.php\/wp-json\/wp\/v2\/pages\/151","targetHints":{"allow":["GET"]}}],"collection":[{"href":"https:\/\/przedszkole61.edu.wroclaw.pl\/index.php\/wp-json\/wp\/v2\/pages"}],"about":[{"href":"https:\/\/przedszkole61.edu.wroclaw.pl\/index.php\/wp-json\/wp\/v2\/types\/page"}],"author":[{"embeddable":true,"href":"https:\/\/przedszkole61.edu.wroclaw.pl\/index.php\/wp-json\/wp\/v2\/users\/15"}],"replies":[{"embeddable":true,"href":"https:\/\/przedszkole61.edu.wroclaw.pl\/index.php\/wp-json\/wp\/v2\/comments?post=151"}],"version-history":[{"count":43,"href":"https:\/\/przedszkole61.edu.wroclaw.pl\/index.php\/wp-json\/wp\/v2\/pages\/151\/revisions"}],"predecessor-version":[{"id":38779,"href":"https:\/\/przedszkole61.edu.wroclaw.pl\/index.php\/wp-json\/wp\/v2\/pages\/151\/revisions\/38779"}],"wp:attachment":[{"href":"https:\/\/przedszkole61.edu.wroclaw.pl\/index.php\/wp-json\/wp\/v2\/media?parent=151"}],"curies":[{"name":"wp","href":"https:\/\/api.w.org\/{rel}","templated":true}]}}