
{"id":16,"date":"2021-03-17T07:16:00","date_gmt":"2021-03-17T06:16:00","guid":{"rendered":"https:\/\/przedszkole61.edu.wroclaw.pl\/?page_id=16"},"modified":"2024-05-07T09:25:29","modified_gmt":"2024-05-07T07:25:29","slug":"glowna","status":"publish","type":"page","link":"https:\/\/przedszkole61.edu.wroclaw.pl\/","title":{"rendered":"Strona g\u0142\u00f3wna"},"content":{"rendered":"<div class=\"wpb-content-wrapper\"><p>[vc_row][vc_column][vc_column_text]<\/p>\n<h2 style=\"font-size: 36px; color: #056839; text-align: left;\">O Przedszkolu Nr 61 Gajowickie Skrzaty<\/h2>\n<p>[\/vc_column_text][\/vc_column][\/vc_row][vc_row][vc_column width=&#8221;2\/3&#8243;][vc_column_text]<strong>Przedszkole jest czynne w godz. od 6.30 do 17. 00 od poniedzia\u0142ku do pi\u0105tku.<\/strong> Mie\u015bci si\u0119 w pi\u0119knej willi przy ulicy Gajowickiej 199 usytuowanej na granicy dw\u00f3ch dzielnic Fabrycznej i Krzyk\u00f3w. Doskona\u0142a lokalizacja w\u015br\u00f3d teren\u00f3w zielonych stwarza wychowankom korzystne warunki na spacery, wycieczki, obserwacje przyrodnicze.Niew\u0105tpliwym walorem przedszkola jest du\u017cy, zielony ogr\u00f3d znajduj\u0105cy si\u0119 bezpo\u015brednio za budynkiem \u2013 z dala od ulicznego ha\u0142asu, dodatkowo jeszcze wyciszony zieleni\u0105 drzew i krzew\u00f3w.Przedszkole nale\u017cy do Wroc\u0142awskiej Sieci Przedszkoli Promuj\u0105cych Zdrowie. Od 2006 posiada Certyfikat Przedszkola Promuj\u0105cego Zdrowie.<\/p>\n<p>W Przedszkolu Nr 61 \u201eGajowickie Skrzaty\u201d pracuje wykwalifikowana i mi\u0142a kadra, tworz\u0105ca atmosfer\u0119 sprzyjaj\u0105c\u0105 wszechstronnemu rozwojowi dzieci oraz ch\u0119tnie wsp\u00f3\u0142pracuj\u0105ca z rodzicami.Dzieci w przedszkolu czuj\u0105 si\u0119 bardzo dobrze i bezpiecznie. To dla nich organizowane s\u0105 cykliczne spotkania z prawdziwym teatrem prezentowane przez aktor\u00f3w z ca\u0142ej Polski oraz comiesi\u0119czne spotkania z muzyk\u0105, ciesz\u0105ce si\u0119 ogromnym zainteresowaniem przedszkolak\u00f3w.<\/p>\n<p>Przedszkole jest plac\u00f3wk\u0105 otwart\u0105 na potrzeby i zainteresowania wychowank\u00f3w, ukierunkowan\u0105 na rozw\u00f3j dziecka zgodnie z jego wrodzonym potencja\u0142em i mo\u017cliwo\u015bciami rozwojowymi w relacjach ze \u015brodowiskiem spo\u0142eczno-kulturowym i przyrodniczym.[\/vc_column_text][\/vc_column][vc_column width=&#8221;1\/3&#8243;][vc_column_text]<img loading=\"lazy\" decoding=\"async\" class=\"alignnone wp-image-141 aligncenter\" src=\"https:\/\/przedszkole61.edu.wroclaw.pl\/wp-content\/uploads\/sites\/58\/2021\/03\/przedszkole-nr-61-wroclaw-gajowicka-300x202.jpg\" alt=\"zdj\u0119cie budynku przedszkola\" width=\"575\" height=\"387\" srcset=\"https:\/\/przedszkole61.edu.wroclaw.pl\/wp-content\/uploads\/sites\/58\/2021\/03\/przedszkole-nr-61-wroclaw-gajowicka-300x202.jpg 300w, https:\/\/przedszkole61.edu.wroclaw.pl\/wp-content\/uploads\/sites\/58\/2021\/03\/przedszkole-nr-61-wroclaw-gajowicka.jpg 409w\" sizes=\"auto, (max-width: 575px) 100vw, 575px\" \/>[\/vc_column_text][\/vc_column][\/vc_row][vc_row][vc_column width=&#8221;1\/3&#8243;][vc_column_text]<\/p>\n<h2 style=\"font-size: 36px; color: #056839; text-align: left;\">Spacer po przedszkolu<\/h2>\n<p>[\/vc_column_text][vc_raw_html]JTNDYSUyMGhyZWYlM0QlMjJodHRwcyUzQSUyRiUyRnByemVkc3prb2xlNjEuZWR1Lndyb2NsYXcucGwlMkZ3cC1jb250ZW50JTJGdXBsb2FkcyUyRnNpdGVzJTJGNTglMkYyMDI0JTJGMDUlMkZQcmV6ZW50YWNqYS1QcnplZHN6a29sZS1uci02MS5tcDQlMjIlMjB0YXJnZXQlM0QlMjJfYmxhbmslMjIlMjByZWwlM0QlMjJub29wZW5lciUyMiUyMGRvd25sb2FkJTNEJTIyUHJlemVudGFjamEtUHJ6ZWRzemtvbGUtbnItNjEubXA0JTIyJTNFUG9iaWVyeiUyMCU1Qm1wNCUyMDI2TUIlNUQlM0MlMkZhJTNFJTBB[\/vc_raw_html][\/vc_column][vc_column width=&#8221;1\/3&#8243;][vc_column_text]<\/p>\n<h2 style=\"font-size: 36px; color: #056839; text-align: left;\">Budujemy dobre relacje<\/h2>\n<p>[\/vc_column_text][vc_raw_html]JTNDYSUyMGhyZWYlM0QlMjJodHRwcyUzQSUyRiUyRnd3dy55b3V0dWJlLmNvbSUyRndhdGNoJTNGdiUzREhGMEtlY0hVNXdNJTIyJTIwdGl0bGUlM0QlMjJPZ2wlQzQlODVkYWolMjAlMjJXa3IlQzQlOTklQzQlODclMjBzaSVDNCU5OSUyMHclMjBkb2JyZSUyMFJlbGFjamUtJTIwR2Fqb3dpY2tpZSUyMFNrcnphdHklMjB2MiUyMiUyMG5hJTIwWW91VHViZSUyMiUyMGFsdCUzRCUyMldrciVDNCU5OSVDNCU4NyUyMHNpJUM0JTk5JTIwdyUyMGRvYnJlJTIwUmVsYWNqZS0lMjBHYWpvd2lja2llJTIwU2tyemF0eSUyMHYyJTIwbmElMjBZb3VUdWJlJTIyJTNFJTBBJTIwJTIwJTIwT2dsJUM0JTg1ZGFqJTIwJTIwbmElMjBZb3VUdWJlJTBBJTNDJTJGYSUzRSUwQQ==[\/vc_raw_html][\/vc_column][vc_column width=&#8221;1\/3&#8243;][vc_column_text]<\/p>\n<h2 style=\"font-size: 36px; color: #056839; text-align: left;\">Dbamy o bezpiecze\u0144stwo<\/h2>\n<p>[\/vc_column_text][vc_raw_html]JTNDYSUyMGhyZWYlM0QlMjJodHRwcyUzQSUyRiUyRnBob3Rvcy5hcHAuZ29vLmdsJTJGeWNDUUo3RHBjQ3FqVWJhQTclMjIlMjB0aXRsZSUzRCUyMk9nbCVDNCU4NWRhaiUyMCUyMkRiYW15JTIwbyUyMGJlenBpZWN6ZSVDNSU4NHN0d28lMjIlMjBuYSUyMHBob3Rvcy5nb29nbGUuY29tJTIyJTIwJTNFJTBBJTIwJTIwT2dsJUM0JTg1ZGFqJTIwbmElMjBwaG90b3MuZ29vZ2xlLmNvbSUwQSUzQyUyRmElM0UlMEE=[\/vc_raw_html][\/vc_column][\/vc_row][vc_row][vc_column][vc_column_text]<\/p>\n<h2 style=\"font-size: 36px; color: #056839; text-align: left;\">Najnowsze wpisy<\/h2>\n<p>[\/vc_column_text][vc_basic_grid post_type=&#8221;post&#8221; max_items=&#8221;6&#8243; element_width=&#8221;2&#8243; grid_id=&#8221;vc_gid:1715066654403-898d4a5e-40ec-0&#8243; taxonomies=&#8221;1&#8243;][\/vc_column][\/vc_row]<\/p>\n<\/div>","protected":false},"excerpt":{"rendered":"<p>[vc_row][vc_column][vc_column_text] O Przedszkolu Nr 61 Gajowickie Skrzaty [\/vc_column_text][\/vc_column][\/vc_row][vc_row][vc_column width=&#8221;2\/3&#8243;][vc_column_text]Przedszkole jest czynne w godz. od 6.30 do 17. 00 od poniedzia\u0142ku do pi\u0105tku. Mie\u015bci si\u0119 w pi\u0119knej willi przy ulicy Gajowickiej [&hellip;]<\/p>\n","protected":false},"author":15,"featured_media":0,"parent":0,"menu_order":0,"comment_status":"closed","ping_status":"closed","template":"","meta":{"ngg_post_thumbnail":0,"footnotes":""},"class_list":["post-16","page","type-page","status-publish","hentry","clearfix"],"_links":{"self":[{"href":"https:\/\/przedszkole61.edu.wroclaw.pl\/index.php\/wp-json\/wp\/v2\/pages\/16","targetHints":{"allow":["GET"]}}],"collection":[{"href":"https:\/\/przedszkole61.edu.wroclaw.pl\/index.php\/wp-json\/wp\/v2\/pages"}],"about":[{"href":"https:\/\/przedszkole61.edu.wroclaw.pl\/index.php\/wp-json\/wp\/v2\/types\/page"}],"author":[{"embeddable":true,"href":"https:\/\/przedszkole61.edu.wroclaw.pl\/index.php\/wp-json\/wp\/v2\/users\/15"}],"replies":[{"embeddable":true,"href":"https:\/\/przedszkole61.edu.wroclaw.pl\/index.php\/wp-json\/wp\/v2\/comments?post=16"}],"version-history":[{"count":23,"href":"https:\/\/przedszkole61.edu.wroclaw.pl\/index.php\/wp-json\/wp\/v2\/pages\/16\/revisions"}],"predecessor-version":[{"id":35407,"href":"https:\/\/przedszkole61.edu.wroclaw.pl\/index.php\/wp-json\/wp\/v2\/pages\/16\/revisions\/35407"}],"wp:attachment":[{"href":"https:\/\/przedszkole61.edu.wroclaw.pl\/index.php\/wp-json\/wp\/v2\/media?parent=16"}],"curies":[{"name":"wp","href":"https:\/\/api.w.org\/{rel}","templated":true}]}}