
{"id":171,"date":"2021-03-18T12:44:52","date_gmt":"2021-03-18T11:44:52","guid":{"rendered":"https:\/\/przedszkole61.edu.wroclaw.pl\/?page_id=171"},"modified":"2022-08-31T21:24:29","modified_gmt":"2022-08-31T19:24:29","slug":"rozklad-dnia","status":"publish","type":"page","link":"https:\/\/przedszkole61.edu.wroclaw.pl\/index.php\/oferta-edukacyjna\/rozklad-dnia\/","title":{"rendered":"Rozk\u0142ad dnia"},"content":{"rendered":"<div class=\"wpb-content-wrapper\"><p>[vc_row][vc_column width=&#8221;1\/2&#8243;][vc_column_text]<\/p>\n<h2>Grupy m\u0142odsze (grupy: I i II)<\/h2>\n<table id=\"mini\" class=\"zebra agenda\" summary=\"Ramowy rozk\u0142ad dnia\">\n<tbody>\n<tr>\n<th scope=\"col\">Czas<\/th>\n<th scope=\"col\">Rodzaj zaj\u0119\u0107<\/th>\n<\/tr>\n<tr>\n<td class=\"label\">06:30 \u2013 08:15<\/td>\n<td>Zabawy dowolne, og\u00f3lnorozwojowe oraz integruj\u0105ce grup\u0119. Zabawy ruchowe.<\/td>\n<\/tr>\n<tr class=\"alt\">\n<td class=\"label\">08:15 \u2013 08:30<\/td>\n<td>Przygotowanie do \u015bniadania \u2013 czynno\u015bci higieniczne.<\/td>\n<\/tr>\n<tr>\n<td class=\"label\">08:30 \u2013 09:00<\/td>\n<td>\u015aniadanie.<\/td>\n<\/tr>\n<tr class=\"alt\">\n<td class=\"label\">09:00 \u2013 09:30<\/td>\n<td>Zaj\u0119cia organizowane z dzie\u0107mi \u2013 zabawy dydaktyczne.<\/td>\n<\/tr>\n<tr>\n<td class=\"label\">09:30 \u2013 11:15<\/td>\n<td>Zabawy dowolne wg zainteresowa\u0144 dzieci w sali lub w ogrodzie\u00a0przedszkolnym.<\/td>\n<\/tr>\n<tr class=\"alt\">\n<td class=\"label\">11:15 \u2013 11:30<\/td>\n<td>Przygotowanie do posi\u0142ku \u2013 czynno\u015bci higieniczne.<\/td>\n<\/tr>\n<tr>\n<td class=\"label\">11:30 \u2013 12:00<\/td>\n<td>Zupa + deser.<\/td>\n<\/tr>\n<tr class=\"alt\">\n<td class=\"label\">12:00 \u2013 13:45<\/td>\n<td>Odpoczynek dzieci na le\u017cakach.<\/td>\n<\/tr>\n<tr>\n<td class=\"label\">13:45 \u2013 14:00<\/td>\n<td>Przygotowanie do posi\u0142ku.<\/td>\n<\/tr>\n<tr class=\"alt\">\n<td class=\"label\">14:00 \u2013 14:30<\/td>\n<td>Drugie danie.<\/td>\n<\/tr>\n<tr>\n<td class=\"label\">14:30 \u2013 17:00<\/td>\n<td>Zabawy\u00a0swobodne w sali lub w\u00a0ogrodzie przedszkolnym.<\/td>\n<\/tr>\n<\/tbody>\n<\/table>\n<p>[\/vc_column_text][\/vc_column][vc_column width=&#8221;1\/2&#8243;][vc_column_text]<\/p>\n<h2>Grupy starsze (grupy: III, IV i V)<\/h2>\n<table id=\"mini\" class=\"zebra agenda\" summary=\"Ramowy rozk\u0142ad dnia\">\n<tbody>\n<tr>\n<th scope=\"col\">Czas<\/th>\n<th scope=\"col\">Rodzaj zaj\u0119\u0107<\/th>\n<\/tr>\n<tr>\n<td class=\"label\">06:30 \u2013 08:00<\/td>\n<td>\u0106wiczenia indywidualne z dzieckiem, zabawy dowolne rozwijaj\u0105ce aktywno\u015b\u0107 tw\u00f3rcz\u0105 i zainteresowania dzieci.<\/td>\n<\/tr>\n<tr class=\"alt\">\n<td class=\"label\">08:00 \u2013 08:15<\/td>\n<td>\u0106wiczenia poranne.<\/td>\n<\/tr>\n<tr>\n<td class=\"label\">08:15 \u2013 08:30<\/td>\n<td>Przygotowanie do \u015bniadania.<\/td>\n<\/tr>\n<tr class=\"alt\">\n<td class=\"label\">08:30 \u2013 09:00<\/td>\n<td>\u015aniadanie.<\/td>\n<\/tr>\n<tr>\n<td class=\"label\">09:00 \u2013 10:30<\/td>\n<td>Zaj\u0119cia wychowawczo \u2013 dydaktyczne, kszta\u0142towanie umiej\u0119tno\u015bci j\u0119zykowych, przyrodniczych, matematycznych, plastycznych, ruchowych itp.<\/td>\n<\/tr>\n<tr class=\"alt\">\n<td class=\"label\">10:30 \u2013 11:15<\/td>\n<td>Zabawy dowolne w ogrodzie przedszkolnym, spacery, wycieczki, zabawy ruchowe.<\/td>\n<\/tr>\n<tr>\n<td class=\"label\">11:15 \u2013 11:30<\/td>\n<td>Przygotowanie do posi\u0142ku \u2013 czynno\u015bci higieniczne.<\/td>\n<\/tr>\n<tr class=\"alt\">\n<td class=\"label\">11:30 \u2013 12:00<\/td>\n<td>Zupa + deser.<\/td>\n<\/tr>\n<tr>\n<td class=\"label\">12:00 \u2013 12:15<\/td>\n<td>Relaks poobiedni.<\/td>\n<\/tr>\n<tr class=\"alt\">\n<td class=\"label\">12:15 \u2013 13:45<\/td>\n<td>Zabawy dydaktyczne, \u0107wicz. graficzne, utrwalanie poznanych wierszy i piosenek. S\u0142uchanie wybranych utwor\u00f3w z literatury dzieci\u0119cej. Zabawy dowolne w sali lub na placu przedszkolnym.<\/td>\n<\/tr>\n<tr>\n<td class=\"label\">13:45 \u2013 14:00<\/td>\n<td>Przygotowanie do posi\u0142ku \u2013 czynno\u015bci higieniczne.<\/td>\n<\/tr>\n<tr class=\"alt\">\n<td class=\"label\">14:00 \u2013 14:30<\/td>\n<td>Drugie danie.<\/td>\n<\/tr>\n<tr>\n<td class=\"label\">14:30 \u2013 17:00<\/td>\n<td>\u0106wiczenia indywidualne z dzie\u0107mi, zabawy dowolne rozwijaj\u0105ce zainteresowania dzieci, swobodne zabawy w ogrodzie przedszkolnym.<\/td>\n<\/tr>\n<\/tbody>\n<\/table>\n<p>[\/vc_column_text][\/vc_column][\/vc_row]<\/p>\n<\/div>","protected":false},"excerpt":{"rendered":"<p>[vc_row][vc_column width=&#8221;1\/2&#8243;][vc_column_text] Grupy m\u0142odsze (grupy: I i II) Czas Rodzaj zaj\u0119\u0107 06:30 \u2013 08:15 Zabawy dowolne, og\u00f3lnorozwojowe oraz integruj\u0105ce grup\u0119. Zabawy ruchowe. 08:15 \u2013 08:30 Przygotowanie do \u015bniadania \u2013 czynno\u015bci [&hellip;]<\/p>\n","protected":false},"author":15,"featured_media":0,"parent":151,"menu_order":0,"comment_status":"closed","ping_status":"closed","template":"","meta":{"ngg_post_thumbnail":0,"footnotes":""},"class_list":["post-171","page","type-page","status-publish","hentry","clearfix"],"_links":{"self":[{"href":"https:\/\/przedszkole61.edu.wroclaw.pl\/index.php\/wp-json\/wp\/v2\/pages\/171","targetHints":{"allow":["GET"]}}],"collection":[{"href":"https:\/\/przedszkole61.edu.wroclaw.pl\/index.php\/wp-json\/wp\/v2\/pages"}],"about":[{"href":"https:\/\/przedszkole61.edu.wroclaw.pl\/index.php\/wp-json\/wp\/v2\/types\/page"}],"author":[{"embeddable":true,"href":"https:\/\/przedszkole61.edu.wroclaw.pl\/index.php\/wp-json\/wp\/v2\/users\/15"}],"replies":[{"embeddable":true,"href":"https:\/\/przedszkole61.edu.wroclaw.pl\/index.php\/wp-json\/wp\/v2\/comments?post=171"}],"version-history":[{"count":5,"href":"https:\/\/przedszkole61.edu.wroclaw.pl\/index.php\/wp-json\/wp\/v2\/pages\/171\/revisions"}],"predecessor-version":[{"id":30046,"href":"https:\/\/przedszkole61.edu.wroclaw.pl\/index.php\/wp-json\/wp\/v2\/pages\/171\/revisions\/30046"}],"up":[{"embeddable":true,"href":"https:\/\/przedszkole61.edu.wroclaw.pl\/index.php\/wp-json\/wp\/v2\/pages\/151"}],"wp:attachment":[{"href":"https:\/\/przedszkole61.edu.wroclaw.pl\/index.php\/wp-json\/wp\/v2\/media?parent=171"}],"curies":[{"name":"wp","href":"https:\/\/api.w.org\/{rel}","templated":true}]}}