
{"id":193,"date":"2021-03-19T07:24:32","date_gmt":"2021-03-19T06:24:32","guid":{"rendered":"https:\/\/przedszkole61.edu.wroclaw.pl\/?page_id=193"},"modified":"2026-01-31T13:32:22","modified_gmt":"2026-01-31T12:32:22","slug":"rekrutacja","status":"publish","type":"page","link":"https:\/\/przedszkole61.edu.wroclaw.pl\/index.php\/o-przedszkolu\/rekrutacja\/","title":{"rendered":"Rekrutacja na rok szkolny 2026\/2027"},"content":{"rendered":"<div class=\"wpb-content-wrapper\"><p>[vc_row][vc_column][vc_column_text css=&#8221;&#8221;]<\/p>\n<div class=\"x11i5rnm xat24cr x1mh8g0r x1vvkbs xtlvy1s x126k92a\">\n<div class=\"wpb_column vc_column_container vc_col-sm-8\">\n<div class=\"vc_column-inner\">\n<div class=\"wpb_wrapper\">\n<div class=\"wpb_text_column wpb_content_element\">\n<div class=\"wpb_wrapper\">\n<section class=\"elementor-section elementor-top-section elementor-element elementor-element-95a1056 elementor-section-boxed elementor-section-height-default elementor-section-height-default\" data-id=\"95a1056\" data-element_type=\"section\">\n<div class=\"elementor-container elementor-column-gap-default\">\n<div class=\"elementor-column elementor-col-100 elementor-top-column elementor-element elementor-element-e860a1b\" data-id=\"e860a1b\" data-element_type=\"column\">\n<h2>Rekrutacja do przedszkoli prowadzona jest w systemie elektronicznym poprzez stron\u0119<br \/>\n<a href=\"https:\/\/rekrutacje.edu.wroclaw.pl\/formico-public\/\" target=\"_blank\" rel=\"noopener\">rekrutacje.edu.wroclaw.pl<\/a><\/h2>\n<h3><strong>W przypadku braku mo\u017cliwo\u015bci skorzystania z systemu elektronicznego istnieje mo\u017cliwo\u015b\u0107 z\u0142o\u017cenia wniosku wraz z za\u0142\u0105cznikami bezpo\u015brednio w plac\u00f3wce pierwszego wyboru.<\/strong><\/h3>\n<p style=\"text-align: left\"><strong>Materia\u0142y informacyjne:<\/strong><\/p>\n<\/div>\n<\/div>\n<\/section>\n<\/div>\n<\/div>\n<\/div>\n<\/div>\n<\/div>\n<\/div>\n<p><strong> <a href=\"https:\/\/przedszkole61.edu.wroclaw.pl\/wp-content\/uploads\/sites\/58\/2026\/01\/BIULETYN-INFORMACYJNY.pdf\">BIULETYN INFORMACYJNY<\/a><\/strong><\/p>\n<p><strong><a href=\"https:\/\/przedszkole61.edu.wroclaw.pl\/wp-content\/uploads\/sites\/58\/2026\/01\/DOCHOD.docx\">DOCH\u00d3D<\/a><\/strong><\/p>\n<p><strong><a href=\"https:\/\/przedszkole61.edu.wroclaw.pl\/wp-content\/uploads\/sites\/58\/2026\/01\/DZIECI-O-SPECJALNYCH-POTRZEBACH.docx\">DZIECI O SPECJALNYCH POTRZEBACH<\/a><\/strong><strong><br \/>\n<\/strong><\/p>\n<p><strong><a href=\"https:\/\/przedszkole61.edu.wroclaw.pl\/wp-content\/uploads\/sites\/58\/2026\/01\/HARMONOGRAM-DLA-RODZICOW-ETAP-PODSTAWOWY.docx\">HARMONOGRAM DLA RODZIC\u00d3W &#8211; ETAP PODSTAWOWY<\/a><\/strong><\/p>\n<p><strong><a href=\"https:\/\/przedszkole61.edu.wroclaw.pl\/wp-content\/uploads\/sites\/58\/2026\/01\/HARMONOGRAM-DLA-RODZICOW-ETAP-UZUPELNIAJACY.docx\">HARMONOGRAM DLA RODZIC\u00d3W &#8211; ETAP UZUPE\u0141NIAJ\u0104CY<\/a><\/strong><\/p>\n<p><strong><a href=\"https:\/\/przedszkole61.edu.wroclaw.pl\/wp-content\/uploads\/sites\/58\/2026\/01\/INFORMACJE-OGOLNE.docx\">INFORMACJE OG\u00d3LNE<\/a><\/strong><\/p>\n<p><strong><a href=\"https:\/\/przedszkole61.edu.wroclaw.pl\/wp-content\/uploads\/sites\/58\/2026\/01\/KOMUNIKAT.docx\">KOMUNIKAT<\/a><\/strong><\/p>\n<p><strong><a href=\"https:\/\/przedszkole61.edu.wroclaw.pl\/wp-content\/uploads\/sites\/58\/2026\/01\/KONTYNUACJA.docx\">KONTYNUACJA<\/a><\/strong><\/p>\n<p><strong><a href=\"https:\/\/przedszkole61.edu.wroclaw.pl\/wp-content\/uploads\/sites\/58\/2026\/01\/KRYTERIA-.docx\">KRYTERIA<\/a><\/strong><\/p>\n<p><strong><a href=\"https:\/\/przedszkole61.edu.wroclaw.pl\/wp-content\/uploads\/sites\/58\/2026\/01\/ODWOLANIA.docx\">ODWO\u0141ANIA<\/a><\/strong><\/p>\n<p><strong><a href=\"https:\/\/przedszkole61.edu.wroclaw.pl\/wp-content\/uploads\/sites\/58\/2026\/01\/PODSTAWY-PRAWNE.docx\">PODSTAWY PRAWNE<\/a><\/strong><\/p>\n<p><strong><a href=\"https:\/\/przedszkole61.edu.wroclaw.pl\/wp-content\/uploads\/sites\/58\/2026\/01\/SAMOTNE-WYCHOWANIE.docx\">SAMOTNE WYCHOWANIE<\/a><\/strong><\/p>\n<p><strong><a href=\"https:\/\/przedszkole61.edu.wroclaw.pl\/wp-content\/uploads\/sites\/58\/2026\/01\/UDZIAL-W-REKRUTACJI.docx\">UDZIA\u0141 W REKRUTACJI<\/a><\/strong><strong><br \/>\n<\/strong><\/p>\n<p><strong><a href=\"https:\/\/przedszkole61.edu.wroclaw.pl\/wp-content\/uploads\/sites\/58\/2026\/01\/WSPARCIE-TECHNICZNE.docx\">WSPARCIE TECHNICZNE<\/a><\/strong>[\/vc_column_text][\/vc_column][\/vc_row]<\/p>\n<\/div>","protected":false},"excerpt":{"rendered":"<p>[vc_row][vc_column][vc_column_text css=&#8221;&#8221;] Rekrutacja do przedszkoli prowadzona jest w systemie elektronicznym poprzez stron\u0119 rekrutacje.edu.wroclaw.pl W przypadku braku mo\u017cliwo\u015bci skorzystania z systemu elektronicznego istnieje mo\u017cliwo\u015b\u0107 z\u0142o\u017cenia wniosku wraz z za\u0142\u0105cznikami bezpo\u015brednio w [&hellip;]<\/p>\n","protected":false},"author":15,"featured_media":0,"parent":178,"menu_order":0,"comment_status":"closed","ping_status":"closed","template":"","meta":{"ngg_post_thumbnail":0,"footnotes":""},"class_list":["post-193","page","type-page","status-publish","hentry","clearfix"],"_links":{"self":[{"href":"https:\/\/przedszkole61.edu.wroclaw.pl\/index.php\/wp-json\/wp\/v2\/pages\/193","targetHints":{"allow":["GET"]}}],"collection":[{"href":"https:\/\/przedszkole61.edu.wroclaw.pl\/index.php\/wp-json\/wp\/v2\/pages"}],"about":[{"href":"https:\/\/przedszkole61.edu.wroclaw.pl\/index.php\/wp-json\/wp\/v2\/types\/page"}],"author":[{"embeddable":true,"href":"https:\/\/przedszkole61.edu.wroclaw.pl\/index.php\/wp-json\/wp\/v2\/users\/15"}],"replies":[{"embeddable":true,"href":"https:\/\/przedszkole61.edu.wroclaw.pl\/index.php\/wp-json\/wp\/v2\/comments?post=193"}],"version-history":[{"count":43,"href":"https:\/\/przedszkole61.edu.wroclaw.pl\/index.php\/wp-json\/wp\/v2\/pages\/193\/revisions"}],"predecessor-version":[{"id":39354,"href":"https:\/\/przedszkole61.edu.wroclaw.pl\/index.php\/wp-json\/wp\/v2\/pages\/193\/revisions\/39354"}],"up":[{"embeddable":true,"href":"https:\/\/przedszkole61.edu.wroclaw.pl\/index.php\/wp-json\/wp\/v2\/pages\/178"}],"wp:attachment":[{"href":"https:\/\/przedszkole61.edu.wroclaw.pl\/index.php\/wp-json\/wp\/v2\/media?parent=193"}],"curies":[{"name":"wp","href":"https:\/\/api.w.org\/{rel}","templated":true}]}}