
{"id":203,"date":"2021-03-19T07:39:37","date_gmt":"2021-03-19T06:39:37","guid":{"rendered":"https:\/\/przedszkole61.edu.wroclaw.pl\/?page_id=203"},"modified":"2024-09-11T08:57:59","modified_gmt":"2024-09-11T06:57:59","slug":"rodo","status":"publish","type":"page","link":"https:\/\/przedszkole61.edu.wroclaw.pl\/index.php\/rodo\/","title":{"rendered":"System RODO w przedszkolu"},"content":{"rendered":"<div class=\"wpb-content-wrapper\"><p>[vc_row][vc_column][vc_column_text css=&#8221;&#8221;]<strong>Inspektor Ochrony Danych Osobowych w naszym przedszkolu: <\/strong><br \/>\n<b>Tomasz Grzybowski, mail:tomasz.grzybowski@coreconsulting.pl<\/b><\/p>\n<p><a href=\"https:\/\/przedszkole61.edu.wroclaw.pl\/wp-content\/uploads\/sites\/58\/2024\/09\/Za_.-7.-Klauzula-z_oz_enie-pisma-w-placo_wce.docx\">Za_. 7. Klauzula &#8211; z\u0142ozenie pisma w plac\u00f3wce<\/a><\/p>\n<p><a href=\"https:\/\/przedszkole61.edu.wroclaw.pl\/wp-content\/uploads\/sites\/58\/2024\/08\/Zal.-7a.-Klauzula-zlozenie-pisma-wersja-skrocona.docx\">Za\u0142. 7a. Klauzula &#8211; z\u0142o\u017cenie pisma &#8211; wersja skr\u00f3cona<\/a><\/p>\n<p><a href=\"https:\/\/przedszkole61.edu.wroclaw.pl\/wp-content\/uploads\/sites\/58\/2024\/08\/Zal.-7b.-Klauzula-postepowanie-administracyjne.docx\">Za\u0142. 7b. Klauzula post\u0119powanie administracyjne<\/a><\/p>\n<p><a href=\"https:\/\/przedszkole61.edu.wroclaw.pl\/wp-content\/uploads\/sites\/58\/2024\/08\/Zal.-7c.-Klauzula-korespondencja-elektroniczna.docx\">Za\u0142. 7c. Klauzula &#8211; korespondencja elektroniczna<\/a><\/p>\n<p><a href=\"https:\/\/przedszkole61.edu.wroclaw.pl\/wp-content\/uploads\/sites\/58\/2024\/08\/Zal.-7d.-Klauzula-stopka-mailowa.docx\">Za\u0142. 7d. Klauzula &#8211; stopka mailowa<\/a><\/p>\n<p><a href=\"https:\/\/przedszkole61.edu.wroclaw.pl\/wp-content\/uploads\/sites\/58\/2024\/08\/Zal.-7e.-Klauzula-strona-www.docx\">Za\u0142. 7e. Klauzula &#8211; strona www<\/a><\/p>\n<p><a href=\"https:\/\/przedszkole61.edu.wroclaw.pl\/wp-content\/uploads\/sites\/58\/2024\/08\/Zal.-7f.-Klauzula-umowa.docx\">Za\u0142. 7f. Klauzula &#8211; umowa<\/a><\/p>\n<p><a href=\"https:\/\/przedszkole61.edu.wroclaw.pl\/wp-content\/uploads\/sites\/58\/2024\/08\/Zal.-7g.-Klauzula-zamowienia-publiczne.docx\">Za\u0142. 7g. Klauzula &#8211; zam\u00f3wienia publiczne<\/a><\/p>\n<p><a href=\"https:\/\/przedszkole61.edu.wroclaw.pl\/wp-content\/uploads\/sites\/58\/2024\/08\/Zal.-7h.-Klauzula-umowa-najmu.docx\">Za\u0142. 7h. Klauzula &#8211; umowa najmu<\/a><\/p>\n<p><a href=\"https:\/\/przedszkole61.edu.wroclaw.pl\/wp-content\/uploads\/sites\/58\/2024\/08\/Zal.-7j.-Kauzula-wolontariusz.docx\">Za\u0142. 7j. Kauzula &#8211; wolontariusz<\/a><\/p>\n<p><a href=\"https:\/\/przedszkole61.edu.wroclaw.pl\/wp-content\/uploads\/sites\/58\/2024\/08\/Zal.-7k.-Klauzula-rekrutacja-pracownika.docx\">Za\u0142. 7k. Klauzula &#8211; rekrutacja pracownika<\/a><\/p>\n<p><a href=\"https:\/\/przedszkole61.edu.wroclaw.pl\/wp-content\/uploads\/sites\/58\/2024\/08\/Zal.-7l.-Klauzula-pracownik-nauczyciel.docx\">Za\u0142. 7l. Klauzula &#8211; pracownik &#8211; nauczyciel<\/a><\/p>\n<p><a href=\"https:\/\/przedszkole61.edu.wroclaw.pl\/wp-content\/uploads\/sites\/58\/2024\/08\/Zal.-7m.-Klauzula-pracownik-samorzadowy.docx\">Za\u0142. 7m. Klauzula &#8211; pracownik samorz\u0105dowy<\/a><\/p>\n<p><a href=\"https:\/\/przedszkole61.edu.wroclaw.pl\/wp-content\/uploads\/sites\/58\/2024\/08\/Zal.-7n.-Klauzula-edukacja-dziecka-w-placowce.docx\">Za\u0142. 7n. Klauzula &#8211; edukacja dziecka w plac\u00f3wce<\/a><\/p>\n<p><a href=\"https:\/\/przedszkole61.edu.wroclaw.pl\/wp-content\/uploads\/sites\/58\/2024\/08\/Zal.-7o.-Klauzula-ewidencja-wejsc-i-wyjsc.docx\">Za\u0142. 7o. Klauzula &#8211; ewidencja wej\u015b\u0107 i wyj\u015b\u0107<\/a><\/p>\n<p><a href=\"https:\/\/przedszkole61.edu.wroclaw.pl\/wp-content\/uploads\/sites\/58\/2024\/08\/Zal.-7p.-Klauzula-opiekun-wycieczki.docx\">Za\u0142. 7p. Klauzula &#8211; opiekun wycieczki<\/a><\/p>\n<p><a href=\"https:\/\/przedszkole61.edu.wroclaw.pl\/wp-content\/uploads\/sites\/58\/2024\/08\/Zal.-7r.-Klauzula-przyjecie-dziecka-w-ramach-dyzuru-wakacyjnego.docx\">Za\u0142. 7r. Klauzula &#8211; przyj\u0119cie dziecka w ramach dy\u017curu wakacyjnego<\/a><\/p>\n<p><a href=\"https:\/\/przedszkole61.edu.wroclaw.pl\/wp-content\/uploads\/sites\/58\/2024\/08\/Zal.-7s-Klauzula-praca-spolecznie-uzyteczna.docx\">Za\u0142. 7s Klauzula &#8211; praca spo\u0142ecznie u\u017cyteczna<\/a><\/p>\n<p><a href=\"https:\/\/przedszkole61.edu.wroclaw.pl\/wp-content\/uploads\/sites\/58\/2024\/08\/Zal.-7t.-Klauzula-ZFSS.docx\">Za\u0142. 7t. Klauzula ZF\u015aS<\/a><\/p>\n<p><a href=\"https:\/\/przedszkole61.edu.wroclaw.pl\/wp-content\/uploads\/sites\/58\/2024\/08\/Zal.-7u.-Klauzula-praktykanci.docx\">Za\u0142. 7u. Klauzula praktykanci<\/a><\/p>\n<p><a href=\"https:\/\/przedszkole61.edu.wroclaw.pl\/wp-content\/uploads\/sites\/58\/2024\/08\/Zal.-7w.-Klauzula-Fundusz-Zdrowotny.docx\">Za\u0142. 7w. Klauzula &#8211; Fundusz Zdrowotny<\/a><\/p>\n<p><a href=\"https:\/\/przedszkole61.edu.wroclaw.pl\/wp-content\/uploads\/sites\/58\/2024\/08\/Zal.-7x.-Klauzula-dla-osob-upowaznionych-do-odbioru-dziecka-z-przedszkola.docx\">Za\u0142. 7x. Klauzula &#8211; dla os\u00f3b upowa\u017cnionych do odbioru dziecka z przedszkola<\/a><a href=\"https:\/\/przedszkole61.edu.wroclaw.pl\/wp-content\/uploads\/sites\/58\/2024\/08\/Zal.-7y.-Klauzula-PPK.docx\">Za\u0142. 7y. Klauzula &#8211; PPK<\/a><\/p>\n<p><a href=\"https:\/\/przedszkole61.edu.wroclaw.pl\/wp-content\/uploads\/sites\/58\/2024\/08\/Zal.-7y.-Klauzula-PPK.docx\">Za\u0142. 7y. Klauzula &#8211; PPK<\/a>[\/vc_column_text][\/vc_column][\/vc_row]<\/p>\n<\/div>","protected":false},"excerpt":{"rendered":"<p>[vc_row][vc_column][vc_column_text css=&#8221;&#8221;]Inspektor Ochrony Danych Osobowych w naszym przedszkolu: Tomasz Grzybowski, mail:tomasz.grzybowski@coreconsulting.pl Za_. 7. Klauzula &#8211; z\u0142ozenie pisma w plac\u00f3wce Za\u0142. 7a. Klauzula &#8211; z\u0142o\u017cenie pisma &#8211; wersja skr\u00f3cona Za\u0142. 7b. [&hellip;]<\/p>\n","protected":false},"author":15,"featured_media":0,"parent":0,"menu_order":0,"comment_status":"closed","ping_status":"closed","template":"","meta":{"ngg_post_thumbnail":0,"footnotes":""},"class_list":["post-203","page","type-page","status-publish","hentry","clearfix"],"_links":{"self":[{"href":"https:\/\/przedszkole61.edu.wroclaw.pl\/index.php\/wp-json\/wp\/v2\/pages\/203","targetHints":{"allow":["GET"]}}],"collection":[{"href":"https:\/\/przedszkole61.edu.wroclaw.pl\/index.php\/wp-json\/wp\/v2\/pages"}],"about":[{"href":"https:\/\/przedszkole61.edu.wroclaw.pl\/index.php\/wp-json\/wp\/v2\/types\/page"}],"author":[{"embeddable":true,"href":"https:\/\/przedszkole61.edu.wroclaw.pl\/index.php\/wp-json\/wp\/v2\/users\/15"}],"replies":[{"embeddable":true,"href":"https:\/\/przedszkole61.edu.wroclaw.pl\/index.php\/wp-json\/wp\/v2\/comments?post=203"}],"version-history":[{"count":17,"href":"https:\/\/przedszkole61.edu.wroclaw.pl\/index.php\/wp-json\/wp\/v2\/pages\/203\/revisions"}],"predecessor-version":[{"id":35988,"href":"https:\/\/przedszkole61.edu.wroclaw.pl\/index.php\/wp-json\/wp\/v2\/pages\/203\/revisions\/35988"}],"wp:attachment":[{"href":"https:\/\/przedszkole61.edu.wroclaw.pl\/index.php\/wp-json\/wp\/v2\/media?parent=203"}],"curies":[{"name":"wp","href":"https:\/\/api.w.org\/{rel}","templated":true}]}}