
{"id":266,"date":"2021-03-23T08:59:02","date_gmt":"2021-03-23T07:59:02","guid":{"rendered":"https:\/\/przedszkole61.edu.wroclaw.pl\/?page_id=266"},"modified":"2021-03-24T08:12:55","modified_gmt":"2021-03-24T07:12:55","slug":"hymn-przedszkola","status":"publish","type":"page","link":"https:\/\/przedszkole61.edu.wroclaw.pl\/index.php\/oferta-edukacyjna\/hymn-przedszkola\/","title":{"rendered":"Hymn przedszkola"},"content":{"rendered":"<div class=\"wpb-content-wrapper\"><p>[vc_row][vc_column width=&#8221;1\/2&#8243;][vc_column_text]<strong>Gajowickie Skrzaty\u201d<\/strong><\/p>\n<p>Czy to zima, czy to lato,<br \/>\nSp\u00f3jrz, jak pi\u0119knie, mamo, tato!<br \/>\nTo s\u0142onka ma\u0142y promyczek.<br \/>\nDaje nam radosne \u017cycie.<br \/>\nRef. Gajowickie Skrzaty<br \/>\nTo nasz drugi dom.<br \/>\nNie pytaj dlaczego,<br \/>\nTylko do nas wst\u0105p.<br \/>\nTo nasze przedszkole<br \/>\nTo nasz drugi dom.<br \/>\nNie pytaj dlaczego,<br \/>\nTylko do nas wst\u0105p.<\/p>\n<p>Czy to ch\u0142opiec, czy dziewczynka,<br \/>\nU wszystkich weso\u0142a minka,<br \/>\nBo gdy u\u015bmiech u nas go\u015bci,<br \/>\nBardzo du\u017co w nas rado\u015bci.<\/p>\n<p>Ref. Gajowickie skrzaty \u2026.<\/p>\n<p><b>s\u0142owa i muzyka: Joanna Bere\u017anicka<\/b>[\/vc_column_text][\/vc_column][vc_column width=&#8221;1\/2&#8243;][vc_column_text]<\/p>\n<audio class=\"wp-audio-shortcode\" id=\"audio-266-1\" preload=\"none\" style=\"width: 100%;\" controls=\"controls\"><source type=\"audio\/mpeg\" src=\"https:\/\/przedszkole61.edu.wroclaw.pl\/wp-content\/uploads\/sites\/58\/2021\/03\/01-Hymn_Gajowickie_skrzaty.mp3?_=1\" \/><a href=\"https:\/\/przedszkole61.edu.wroclaw.pl\/wp-content\/uploads\/sites\/58\/2021\/03\/01-Hymn_Gajowickie_skrzaty.mp3\">https:\/\/przedszkole61.edu.wroclaw.pl\/wp-content\/uploads\/sites\/58\/2021\/03\/01-Hymn_Gajowickie_skrzaty.mp3<\/a><\/audio>\n<p>[\/vc_column_text][\/vc_column][\/vc_row]<\/p>\n<\/div>","protected":false},"excerpt":{"rendered":"<p>[vc_row][vc_column width=&#8221;1\/2&#8243;][vc_column_text]Gajowickie Skrzaty\u201d Czy to zima, czy to lato, Sp\u00f3jrz, jak pi\u0119knie, mamo, tato! To s\u0142onka ma\u0142y promyczek. Daje nam radosne \u017cycie. Ref. Gajowickie Skrzaty To nasz drugi dom. Nie [&hellip;]<\/p>\n","protected":false},"author":15,"featured_media":0,"parent":151,"menu_order":0,"comment_status":"closed","ping_status":"closed","template":"","meta":{"ngg_post_thumbnail":0,"footnotes":""},"class_list":["post-266","page","type-page","status-publish","hentry","clearfix"],"_links":{"self":[{"href":"https:\/\/przedszkole61.edu.wroclaw.pl\/index.php\/wp-json\/wp\/v2\/pages\/266","targetHints":{"allow":["GET"]}}],"collection":[{"href":"https:\/\/przedszkole61.edu.wroclaw.pl\/index.php\/wp-json\/wp\/v2\/pages"}],"about":[{"href":"https:\/\/przedszkole61.edu.wroclaw.pl\/index.php\/wp-json\/wp\/v2\/types\/page"}],"author":[{"embeddable":true,"href":"https:\/\/przedszkole61.edu.wroclaw.pl\/index.php\/wp-json\/wp\/v2\/users\/15"}],"replies":[{"embeddable":true,"href":"https:\/\/przedszkole61.edu.wroclaw.pl\/index.php\/wp-json\/wp\/v2\/comments?post=266"}],"version-history":[{"count":2,"href":"https:\/\/przedszkole61.edu.wroclaw.pl\/index.php\/wp-json\/wp\/v2\/pages\/266\/revisions"}],"predecessor-version":[{"id":278,"href":"https:\/\/przedszkole61.edu.wroclaw.pl\/index.php\/wp-json\/wp\/v2\/pages\/266\/revisions\/278"}],"up":[{"embeddable":true,"href":"https:\/\/przedszkole61.edu.wroclaw.pl\/index.php\/wp-json\/wp\/v2\/pages\/151"}],"wp:attachment":[{"href":"https:\/\/przedszkole61.edu.wroclaw.pl\/index.php\/wp-json\/wp\/v2\/media?parent=266"}],"curies":[{"name":"wp","href":"https:\/\/api.w.org\/{rel}","templated":true}]}}