
{"id":268,"date":"2021-03-23T08:59:58","date_gmt":"2021-03-23T07:59:58","guid":{"rendered":"https:\/\/przedszkole61.edu.wroclaw.pl\/?page_id=268"},"modified":"2021-03-23T09:00:01","modified_gmt":"2021-03-23T08:00:01","slug":"prawa-dziecka","status":"publish","type":"page","link":"https:\/\/przedszkole61.edu.wroclaw.pl\/index.php\/o-przedszkolu\/prawa-dziecka\/","title":{"rendered":"Prawa Dziecka"},"content":{"rendered":"<div class=\"wpb-content-wrapper\"><p>[vc_row][vc_column][vc_column_text]<\/p>\n<div class=\"vc_tta-panel-body\">\n<div class=\"wpb_text_column wpb_content_element \">\n<div class=\"wpb_wrapper\">\n<p><strong>Deklaracja Praw Dziecka, dokument przyj\u0119ty 20 listopada 1959 przez Zgromadzenie Og\u00f3lne ONZ. Zawiera 10 szczeg\u00f3\u0142owo sprecyzowanych zasad Praw Dziecka:<\/strong><\/p>\n<p>1. Powszechno\u015b\u0107 zastosowania deklaracji \u2013 Deklaracja Praw Dziecka obejmuje wszystkie dzieci bez wzgl\u0119du na r\u00f3\u017cnice.<\/p>\n<p>2. Otoczenie dziecka szczeg\u00f3ln\u0105 ochron\u0105, kt\u00f3ra umo\u017cliwi jego wszechstronny rozw\u00f3j w warunkach wolno\u015bci i godno\u015bci, czemu powinny s\u0142u\u017cy\u0107: ustawodawstwo kraju i wszelkie inne \u015brodki.<\/p>\n<p>3. Prawo do nazwiska i obywatelstwa w chwili urodzin.<\/p>\n<p>4. Stworzenie matce i dziecku przed i po urodzeniu warunk\u00f3w do rozwoju, opieki, ochrony medycznej poprzez system ubezpiecze\u0144.<\/p>\n<p>5. Szczeg\u00f3lna troska wobec dzieci upo\u015bledzonych fizycznie lub umys\u0142owo.<\/p>\n<p>6. Stwarzanie dziecku atmosfery pe\u0142nej mi\u0142o\u015bci, bezpiecze\u0144stwa i zrozumienia, czemu powinien s\u0142u\u017cy\u0107 system ochrony rodziny, nieodrywanie ma\u0142ych dzieci od matki, poza kra\u0144cowymi sytuacjami, opieka nad dzie\u0107mi pozbawionymi rodzic\u00f3w.<\/p>\n<p>7. Prawo do nauki, rozwoju kult., rozrywek, kt\u00f3re powinny s\u0142u\u017cy\u0107 pe\u0142nemu rozwojowi osobowo\u015bci. Wymogiem minimalnym powinno by\u0107 powszechne, obowi\u0105zkowe szkolnictwo na poziomie podstawowym.<\/p>\n<p>8. Pierwsze\u0144stwo dziecka do ochrony i pomocy.<\/p>\n<p>9. Ochrona dziecka przed wyzyskiem, okrucie\u0144stwem, zaniedbaniem, wykluczenie handlu dzie\u0107mi i zakaz pracy poni\u017cej odpowiedniego, minimalnego wieku oraz wykonywania czynno\u015bci szkodliwych fizycznie, psychicznie lub moralnie.<\/p>\n<p>10. Wychowywanie dziecka w duchu tolerancji, szacunku dla innych ludzi, przyja\u017ani i pokoju mi\u0119dzy narodami.<\/p>\n<\/div>\n<\/div>\n<\/div>\n<p>[\/vc_column_text][\/vc_column][\/vc_row]<\/p>\n<\/div>","protected":false},"excerpt":{"rendered":"<p>[vc_row][vc_column][vc_column_text] Deklaracja Praw Dziecka, dokument przyj\u0119ty 20 listopada 1959 przez Zgromadzenie Og\u00f3lne ONZ. Zawiera 10 szczeg\u00f3\u0142owo sprecyzowanych zasad Praw Dziecka: 1. Powszechno\u015b\u0107 zastosowania deklaracji \u2013 Deklaracja Praw Dziecka obejmuje wszystkie [&hellip;]<\/p>\n","protected":false},"author":15,"featured_media":0,"parent":178,"menu_order":0,"comment_status":"closed","ping_status":"closed","template":"","meta":{"ngg_post_thumbnail":0,"footnotes":""},"class_list":["post-268","page","type-page","status-publish","hentry","clearfix"],"_links":{"self":[{"href":"https:\/\/przedszkole61.edu.wroclaw.pl\/index.php\/wp-json\/wp\/v2\/pages\/268","targetHints":{"allow":["GET"]}}],"collection":[{"href":"https:\/\/przedszkole61.edu.wroclaw.pl\/index.php\/wp-json\/wp\/v2\/pages"}],"about":[{"href":"https:\/\/przedszkole61.edu.wroclaw.pl\/index.php\/wp-json\/wp\/v2\/types\/page"}],"author":[{"embeddable":true,"href":"https:\/\/przedszkole61.edu.wroclaw.pl\/index.php\/wp-json\/wp\/v2\/users\/15"}],"replies":[{"embeddable":true,"href":"https:\/\/przedszkole61.edu.wroclaw.pl\/index.php\/wp-json\/wp\/v2\/comments?post=268"}],"version-history":[{"count":1,"href":"https:\/\/przedszkole61.edu.wroclaw.pl\/index.php\/wp-json\/wp\/v2\/pages\/268\/revisions"}],"predecessor-version":[{"id":269,"href":"https:\/\/przedszkole61.edu.wroclaw.pl\/index.php\/wp-json\/wp\/v2\/pages\/268\/revisions\/269"}],"up":[{"embeddable":true,"href":"https:\/\/przedszkole61.edu.wroclaw.pl\/index.php\/wp-json\/wp\/v2\/pages\/178"}],"wp:attachment":[{"href":"https:\/\/przedszkole61.edu.wroclaw.pl\/index.php\/wp-json\/wp\/v2\/media?parent=268"}],"curies":[{"name":"wp","href":"https:\/\/api.w.org\/{rel}","templated":true}]}}