
{"id":28972,"date":"2022-05-05T07:03:12","date_gmt":"2022-05-05T07:03:12","guid":{"rendered":"http:\/\/mygame.waw.pl\/home\/mendel17\/domains\/mygame.waw.pl\/public_html\/kiszonki\/?page_id=8"},"modified":"2024-09-10T13:25:18","modified_gmt":"2024-09-10T11:25:18","slug":"wroclawskie-przedszkolaki-zdrowo-fermentuja","status":"publish","type":"page","link":"https:\/\/przedszkole61.edu.wroclaw.pl\/index.php\/wroclawskie-przedszkolaki-zdrowo-fermentuja\/","title":{"rendered":"Wroc\u0142awskie przedszkolaki zdrowo fermentuj\u0105"},"content":{"rendered":"<div class=\"wpb-content-wrapper\"><p>[vc_row css=&#8221;.vc_custom_1653048830369{background-image: url(https:\/\/przedszkole61.edu.wroclaw.pl\/wp-content\/uploads\/sites\/58\/2022\/05\/PHOTO-2021-09-21-19-36-11-2.jpg?id=28982) !important;background-position: center !important;background-repeat: no-repeat !important;background-size: cover !important;}&#8221;][vc_column css=&#8221;.vc_custom_1653561582633{background-color: rgba(22,22,22,0.6) !important;*background-color: rgb(22,22,22) !important;}&#8221;][vc_custom_heading text=&#8221;Wroc\u0142awskie<br \/>\nprzedszkolaki<br \/>\nzdrowo fermentuj\u0105&#8221; font_container=&#8221;tag:h2|font_size:60|text_align:center|color:%23ffffff|line_height:60px&#8221; use_theme_fonts=&#8221;yes&#8221; css_animation=&#8221;zoomIn&#8221;][vc_btn title=&#8221;Wi\u0119cej o projekcie&#8221; style=&#8221;3d&#8221; shape=&#8221;round&#8221; color=&#8221;warning&#8221; align=&#8221;center&#8221; css_animation=&#8221;fadeIn&#8221; link=&#8221;url:https%3A%2F%2Fprzedszkole61.edu.wroclaw.pl%2Findex.php%2Fo-projekcie%2F|title:Wi%C4%99cej%20o%20projekcie&#8221;][\/vc_column][\/vc_row][vc_row][vc_column width=&#8221;1\/2&#8243;][vc_empty_space][vc_empty_space][vc_video link=&#8221;https:\/\/www.youtube.com\/watch?v=3xvQIUW1pB8&amp;ab_channel=WROC%C5%81AWTV&#8221;][vc_empty_space][\/vc_column][vc_column width=&#8221;1\/2&#8243;][vc_empty_space][vc_column_text]<\/p>\n<h3 style=\"text-align: center\"><span style=\"font-size: 18pt\">FERMENTUJEMY &#8211; ZDROWO \u017bYJEMY<\/span><\/h3>\n<p><span style=\"font-size: 14pt\">Zapraszamy do obejrzenia relacji z 16 listopada 2021, kiedy to Gajowickie Skrzaty z grupy IV wzi\u0119\u0142y udzia\u0142 w warsztatach kulinarnych pt.:\u00a0<em>Buraki<\/em>, w ramach realizowanego w roku szkolnym 2021\/2022 projektu edukacyjnego <em><strong>Gajowickie Skrzaty zdrowo fermentuj\u0105<\/strong><\/em>. Go\u015bciem specjalnym warsztat\u00f3w by\u0142 Arkadiusz Dziakowski \u2013 w\u0142a\u015bciciel firmy\u00a0<strong><a title=\"ferement\" href=\"https:\/\/www.google.pl\/url?sa=t&amp;rct=j&amp;q=&amp;esrc=s&amp;source=web&amp;cd=&amp;cad=rja&amp;uact=8&amp;ved=2ahUKEwjW8O7V0pXzAhWIvYsKHanWCVcQFnoECAMQAQ&amp;url=http%3A%2F%2Fzdrowyferment.pl%2F&amp;usg=AOvVaw2eysxDTdm5VyMG5tWD_FCz\" target=\"_blank\" rel=\"noopener\"><em>Zdrowy ferment<\/em><\/a>,<\/strong>\u00a0najwy\u017cszej klasy specjalista od kiszenia.<\/span><\/p>\n<p><span style=\"font-size: 14pt\">Zapraszamy r\u00f3wnie\u017c do zapoznania si\u0119 z artyku\u0142em<a href=\"http:\/\/mygame.waw.pl\/home\/mendel17\/domains\/mygame.waw.pl\/public_html\/kiszonki\/wp-content\/uploads\/2022\/05\/artykul-gajowickie-skrzaty-zdrowo-fermentuja.pdf\" target=\"_blank\" rel=\"noopener\"><b><i>\u00a0Gajowickie przedszkolaki zakisi\u0142y buraki na barszcz<\/i><\/b><\/a><\/span>[\/vc_column_text][vc_empty_space][vc_empty_space][\/vc_column][\/vc_row][vc_row][vc_column width=&#8221;1\/2&#8243;][vc_column_text]<span style=\"font-size: 14pt\">Najpierw \u00a0by\u0142a relacja w TV Wroc\u0142aw, potem artyku\u0142 w gazecie, a nast\u0119pnie relacja w Radiu Wroc\u0142aw.<\/span><\/p>\n<p><span style=\"font-size: 14pt\">31 maja 2022 przedszkolaki z grupy IV zaprosi\u0142y swoich rodzic\u00f3w do udzia\u0142u w warsztatach kulinarnych <a href=\"https:\/\/przedszkole61.edu.wroclaw.pl\/wp-content\/uploads\/sites\/58\/2021\/12\/projekt-edukacyjny.pdf\" target=\"_blank\" rel=\"noopener\">Gajowickie Skrzaty zdrowo fermentuj\u0105<\/a> \u2013 Niespodzianka dla rodzic\u00f3w. Tym razem to rodzice kisili kimchi korea\u0144skie pod okiem Mistrza Fermentacji Arkadiusza Dziakowskiego.<\/span><\/p>\n<p><span style=\"font-size: 14pt\">Zapraszamy do wys\u0142uchania <a href=\"https:\/\/www.radiowroclaw.pl\/articles\/view\/120410\/Przedszkolaki-z-Wroclawia-sieja-ferment-ale-zdrowy\" target=\"_blank\" rel=\"noopener\">relacji z tego wydarzenia<\/a>, nagranej przez dziennikark\u0119 Radia Wroc\u0142aw.<\/span>[\/vc_column_text][vc_empty_space height=&#8221;40px&#8221;][\/vc_column][vc_column width=&#8221;1\/2&#8243;][vc_single_image image=&#8221;29568&#8243; img_size=&#8221;550&#215;300&#8243; alignment=&#8221;center&#8221; onclick=&#8221;custom_link&#8221; img_link_target=&#8221;_blank&#8221; link=&#8221;http:\/www.radiowroclaw.pl\/articles\/view\/120410\/Przedszkolaki-z-Wroclawia-sieja-ferment-ale-zdrowy&#8221;][vc_icon icon_fontawesome=&#8221;fab fa-facebook&#8221; color=&#8221;custom&#8221; align=&#8221;center&#8221; custom_color=&#8221;#558c89&#8243; link=&#8221;url:https%3A%2F%2Fwww.facebook.com%2F1234301310033320%2Fposts%2Fpfbid0phuj8VYsRCb1wbXD2QTfz56FAbLNLEPnm8SVSnseMcKSQafj2ypWkVyCfWA5odyUl%2F%3Fsfnsn%3Dmo|target:_blank&#8221;][vc_empty_space height=&#8221;30px&#8221;][\/vc_column][\/vc_row][vc_row][vc_column width=&#8221;1\/2&#8243;][vc_empty_space height=&#8221;10px&#8221;][vc_single_image image=&#8221;29698&#8243; img_size=&#8221;550&#215;300&#8243; alignment=&#8221;center&#8221; onclick=&#8221;custom_link&#8221; img_link_target=&#8221;_blank&#8221; link=&#8221;https:\/\/l.facebook.com\/l.php?u=https%3A%2F%2Fwww.tvp.info%2F60843191%2F10072022-1730%3Ffbclid%3DIwAR1tS3NrbWF-S7e_aZuYaAq3CizK2wAYyjSpH4R2XKqJRcRnTgbDRjHhf4Y&amp;h=AT1NpmOvmEJwiadfNmjq3iwa9Css&#8211;B2HposL6MWFa7t2IvdoUhSd2SzM_OJqKXZqm31IyD0XFFxRQ3hxsNqA25K5ASzr8YvpKM_VNepwEGr5EWizefEFcR6AS_Kaw57G8KMlw&#8221;][vc_empty_space height=&#8221;120px&#8221;][\/vc_column][vc_column width=&#8221;1\/2&#8243;][vc_column_text]<span style=\"font-size: 14pt\">O Gajowickich Skrzatach kt\u00f3re s\u0105 specjalistami w fermentacji m\u00f3wiono te\u017c w\u00a0 <a href=\"https:\/\/l.facebook.com\/l.php?u=https%3A%2F%2Fwww.tvp.info%2F60843191%2F10072022-1730%3Ffbclid%3DIwAR1tS3NrbWF-S7e_aZuYaAq3CizK2wAYyjSpH4R2XKqJRcRnTgbDRjHhf4Y&amp;h=AT1NpmOvmEJwiadfNmjq3iwa9Css--B2HposL6MWFa7t2IvdoUhSd2SzM_OJqKXZqm31IyD0XFFxRQ3hxsNqA25K5ASzr8YvpKM_VNepwEGr5EWizefEFcR6AS_Kaw57G8KMlw\" target=\"_blank\" rel=\"noopener\">TELEEXPRESSIE. <\/a><br \/>\n<\/span><span style=\"font-size: 14pt\">Zapraszamy do obejrzenia TELEEXPRESU z niedzieli 10 lipca 2022r. Informacja o specjalistach w fermentacji jest w 9 minucie programu.<\/span><\/p>\n<p><span style=\"font-size: 14pt\">S\u0142awa fermentuj\u0105cych Gajowickich Skrzat\u00f3w jest coraz wi\u0119ksza.<br \/>\n<\/span><span style=\"font-size: 14pt\">Wiadomo\u015bci o ich kiszeniu mo\u017cna te\u017c znale\u017a\u0107 na portalu wroclaw.pl.:\u00a0<\/span><span style=\"font-size: 14pt\"><a href=\"https:\/\/www.wroclaw.pl\/dla-mieszkanca\/przedszkolaki-zdrowo-fermentuja-wroclaw\" target=\"_blank\" rel=\"noopener\">https:\/\/wroclaw.pl.\/dla -mieszkanca\/przedszkolaki-zdrowo-fermentuj\u0105<\/a><\/span><\/p>\n<p><span style=\"font-size: 14pt\">oraz w <a href=\"https:\/\/przedszkole61.edu.wroclaw.pl\/wp-content\/uploads\/sites\/58\/2022\/10\/wroclaw-pl-Nr-103-2022.pdf\" target=\"_blank\" rel=\"noopener\">bezp\u0142atnym biuletynie informacyjnym<\/a> Urz\u0119du Miejskiego Wroc\u0142awia na stronie 4.<\/span>[\/vc_column_text][vc_empty_space height=&#8221;40px&#8221;][\/vc_column][\/vc_row][vc_row][vc_column width=&#8221;1\/2&#8243;][vc_single_image image=&#8221;29110&#8243; img_size=&#8221;600&#215;300&#8243; alignment=&#8221;center&#8221; onclick=&#8221;custom_link&#8221; css_animation=&#8221;none&#8221; link=&#8221;\/index.php\/o-projekcie&#8221;][vc_custom_heading text=&#8221;O projekcie&#8221; font_container=&#8221;tag:h2|font_size:24px|text_align:center|color:%23487572&#8243; use_theme_fonts=&#8221;yes&#8221; css_animation=&#8221;fadeIn&#8221; link=&#8221;url:%2Findex.php%2Fo-projekcie|target:_blank&#8221;][vc_single_image image=&#8221;29114&#8243; img_size=&#8221;600&#215;300&#8243; alignment=&#8221;center&#8221; onclick=&#8221;custom_link&#8221; css_animation=&#8221;none&#8221; link=&#8221;\/index.php\/galeria&#8221;][vc_custom_heading text=&#8221;Galeria&#8221; font_container=&#8221;tag:h2|font_size:24px|text_align:center|color:%23487572&#8243; use_theme_fonts=&#8221;yes&#8221; css_animation=&#8221;fadeIn&#8221; link=&#8221;url:%2Findex.php%2Fgaleria|target:_blank&#8221;][\/vc_column][vc_column width=&#8221;1\/2&#8243;][vc_single_image image=&#8221;29112&#8243; img_size=&#8221;600&#215;300&#8243; alignment=&#8221;center&#8221; onclick=&#8221;custom_link&#8221; link=&#8221;\/index.php\/sprawcy-fermentowania&#8221;][vc_custom_heading text=&#8221;Sprawcy fermentowania&#8221; font_container=&#8221;tag:h2|font_size:24px|text_align:center|color:%23487572&#8243; use_theme_fonts=&#8221;yes&#8221; css_animation=&#8221;fadeIn&#8221; link=&#8221;url:%2Findex.php%2Fsprawcy-fermentowania|target:_blank&#8221;][vc_single_image image=&#8221;29115&#8243; img_size=&#8221;600&#215;300&#8243; alignment=&#8221;center&#8221; onclick=&#8221;custom_link&#8221; link=&#8221;\/index.php\/mistrzowie-fermentacji&#8221;][vc_custom_heading text=&#8221;Materia\u0142y edukacyjne&#8221; font_container=&#8221;tag:h2|font_size:24px|text_align:center|color:%23487572&#8243; use_theme_fonts=&#8221;yes&#8221; css_animation=&#8221;fadeIn&#8221; css=&#8221;&#8221; link=&#8221;url:%2Findex.php%2Fmaterialy-edukacyjne|target:_blank&#8221;][\/vc_column][\/vc_row][vc_row][vc_column][vc_custom_heading text=&#8221;Tw\u00f3rcy projektu&#8221; font_container=&#8221;tag:h2|font_size:36px|text_align:center|color:%23a75f20&#8243; use_theme_fonts=&#8221;yes&#8221; css_animation=&#8221;fadeIn&#8221;][\/vc_column][\/vc_row][vc_row][vc_column width=&#8221;1\/3&#8243;][vc_single_image image=&#8221;29118&#8243; alignment=&#8221;center&#8221; style=&#8221;vc_box_border_circle_2&#8243; css_animation=&#8221;none&#8221;][vc_column_text]<\/p>\n<h3 style=\"text-align: center\"><span style=\"font-size: 24pt;color: #a75f20\">Joanna Jandy<\/span><span style=\"font-size: 14pt\"><br \/>\nkreator projektu<\/span><\/h3>\n<p>[\/vc_column_text][\/vc_column][vc_column width=&#8221;1\/3&#8243;][vc_single_image image=&#8221;29120&#8243; alignment=&#8221;center&#8221; style=&#8221;vc_box_border_circle_2&#8243; css_animation=&#8221;none&#8221;][vc_column_text]<\/p>\n<h3 style=\"text-align: center\"><span style=\"font-size: 24pt;color: #a75f20\">Alicja Furowicz<\/span><span style=\"font-size: 14pt\"><br \/>\nserce projektu i realizator<br \/>\n<\/span><\/h3>\n<p>[\/vc_column_text][\/vc_column][vc_column width=&#8221;1\/3&#8243;][vc_single_image image=&#8221;29119&#8243; alignment=&#8221;center&#8221; style=&#8221;vc_box_border_circle_2&#8243; css_animation=&#8221;none&#8221;][vc_column_text]<\/p>\n<h3 style=\"text-align: center\"><span style=\"font-size: 24pt;color: #a75f20\">Arkadiusz Dziakowski<\/span><span style=\"font-size: 14pt\"><br \/>\nmistrz \u015bwiata fermentowania<br \/>\n<\/span><\/h3>\n<p>[\/vc_column_text][\/vc_column][\/vc_row]<\/p>\n<\/div>","protected":false},"excerpt":{"rendered":"<p>[vc_row css=&#8221;.vc_custom_1653048830369{background-image: url(https:\/\/przedszkole61.edu.wroclaw.pl\/wp-content\/uploads\/sites\/58\/2022\/05\/PHOTO-2021-09-21-19-36-11-2.jpg?id=28982) !important;background-position: center !important;background-repeat: no-repeat !important;background-size: cover !important;}&#8221;][vc_column css=&#8221;.vc_custom_1653561582633{background-color: rgba(22,22,22,0.6) !important;*background-color: rgb(22,22,22) !important;}&#8221;][vc_custom_heading text=&#8221;Wroc\u0142awskie przedszkolaki zdrowo fermentuj\u0105&#8221; font_container=&#8221;tag:h2|font_size:60|text_align:center|color:%23ffffff|line_height:60px&#8221; use_theme_fonts=&#8221;yes&#8221; css_animation=&#8221;zoomIn&#8221;][vc_btn title=&#8221;Wi\u0119cej o projekcie&#8221; style=&#8221;3d&#8221; shape=&#8221;round&#8221; color=&#8221;warning&#8221; align=&#8221;center&#8221; css_animation=&#8221;fadeIn&#8221; [&hellip;]<\/p>\n","protected":false},"author":299,"featured_media":0,"parent":0,"menu_order":0,"comment_status":"closed","ping_status":"closed","template":"","meta":{"ngg_post_thumbnail":0,"footnotes":""},"class_list":["post-28972","page","type-page","status-publish","hentry","clearfix"],"_links":{"self":[{"href":"https:\/\/przedszkole61.edu.wroclaw.pl\/index.php\/wp-json\/wp\/v2\/pages\/28972","targetHints":{"allow":["GET"]}}],"collection":[{"href":"https:\/\/przedszkole61.edu.wroclaw.pl\/index.php\/wp-json\/wp\/v2\/pages"}],"about":[{"href":"https:\/\/przedszkole61.edu.wroclaw.pl\/index.php\/wp-json\/wp\/v2\/types\/page"}],"author":[{"embeddable":true,"href":"https:\/\/przedszkole61.edu.wroclaw.pl\/index.php\/wp-json\/wp\/v2\/users\/299"}],"replies":[{"embeddable":true,"href":"https:\/\/przedszkole61.edu.wroclaw.pl\/index.php\/wp-json\/wp\/v2\/comments?post=28972"}],"version-history":[{"count":86,"href":"https:\/\/przedszkole61.edu.wroclaw.pl\/index.php\/wp-json\/wp\/v2\/pages\/28972\/revisions"}],"predecessor-version":[{"id":35968,"href":"https:\/\/przedszkole61.edu.wroclaw.pl\/index.php\/wp-json\/wp\/v2\/pages\/28972\/revisions\/35968"}],"wp:attachment":[{"href":"https:\/\/przedszkole61.edu.wroclaw.pl\/index.php\/wp-json\/wp\/v2\/media?parent=28972"}],"curies":[{"name":"wp","href":"https:\/\/api.w.org\/{rel}","templated":true}]}}