
{"id":28975,"date":"2022-05-05T15:03:51","date_gmt":"2022-05-05T15:03:51","guid":{"rendered":"http:\/\/mygame.waw.pl\/home\/mendel17\/domains\/mygame.waw.pl\/public_html\/kiszonki\/?page_id=256"},"modified":"2022-06-10T15:19:23","modified_gmt":"2022-06-10T13:19:23","slug":"sprawcy-fermentowania","status":"publish","type":"page","link":"https:\/\/przedszkole61.edu.wroclaw.pl\/index.php\/sprawcy-fermentowania\/","title":{"rendered":"Sprawcy fermentowania"},"content":{"rendered":"<div class=\"wpb-content-wrapper\"><p>[vc_row equal_height=&#8221;yes&#8221; content_placement=&#8221;top&#8221; parallax=&#8221;content-moving&#8221;][vc_column parallax=&#8221;content-moving&#8221; parallax_image=&#8221;29571&#8243; css=&#8221;.vc_custom_1654801427283{background-color: rgba(22,22,22,0.6) !important;*background-color: rgb(22,22,22) !important;}&#8221;][vc_custom_heading text=&#8221;Sprawcy fermentowania&#8221; font_container=&#8221;tag:h2|font_size:60px|text_align:center|color:%23ffffff|line_height:5&#8243; use_theme_fonts=&#8221;yes&#8221; css_animation=&#8221;fadeIn&#8221;][\/vc_column][\/vc_row][vc_row][vc_column width=&#8221;2\/3&#8243;][vc_column_text]<\/p>\n<h3 style=\"text-align: center\"><span style=\"font-size: 24pt;color: #a75f20\">Arkadiusz Dziakowski<\/span><span style=\"font-size: 14pt\"><br \/>\nmistrz \u015bwiata fermentowania<br \/>\n<\/span><\/h3>\n<p><span style=\"font-size: 14pt\">Gotowanie to nie spos\u00f3b na \u017cycie ale pasja, kt\u00f3ra wci\u0105ga Arkadiusza jak na\u0142\u00f3g. Kocha to co robi, bo kocha gotowa\u0107 z sercem. Robi to od ponad 15 lat. Gotowa\u0142 za granic\u0105 oraz we wroc\u0142awskich hotelach i restauracjach.<\/span><\/p>\n<p><span style=\"font-size: 14pt\">Jest laureatem wielu og\u00f3lnopolskich konkurs\u00f3w kulinarnych i mi\u0119dzynarodowych. Jego zabawa z fermentacj\u0105 zacz\u0119\u0142a si\u0119 oko\u0142o 15 lat temu. Nie lubi marnotrawi\u0107 \u017cywno\u015bci. Pracuj\u0105c w kuchni zauwa\u017cy\u0142, \u017ce warzyw i owoc\u00f3w zawsze zostaje. Zacz\u0105\u0142 wi\u0119c kisi\u0107 co mu w r\u0119ce wpad\u0142o. Kisi\u0142 w herbacie, kawie, winie, piwie i ma\u015blance. Ci\u0105gle co\u015b zmienia\u0142, co\u015b dodawa\u0142, wci\u0105\u017c te\u017c na nowo wszystko przyprawia\u0142, przepisy swoje modyfikowa\u0142 i w\u0142asn\u0105 firm\u0119 \u201eZdrowy Ferment\u201d z tego wyczarowa\u0142. Prowadzi warsztaty kulinarne i z fermentacji bra\u0142 udzia\u0142 w Kongresach \u017bywieniowych. Zawsze ch\u0119tnie dzieli si\u0119 wiedz\u0105 i nowymi pomys\u0142ami kulinarnymi.<\/span>[\/vc_column_text][\/vc_column][vc_column width=&#8221;1\/3&#8243;][vc_empty_space height=&#8221;100px&#8221;][vc_row_inner][vc_column_inner width=&#8221;5\/6&#8243;][vc_column_text]<img loading=\"lazy\" decoding=\"async\" class=\"alignright wp-image-29218\" src=\"https:\/\/przedszkole61.edu.wroclaw.pl\/wp-content\/uploads\/sites\/58\/2022\/05\/przedszkolaki-kiszonki-th-60-1-1-272x300.jpg\" alt=\"\" width=\"360\" height=\"397\" srcset=\"https:\/\/przedszkole61.edu.wroclaw.pl\/wp-content\/uploads\/sites\/58\/2022\/05\/przedszkolaki-kiszonki-th-60-1-1-272x300.jpg 272w, https:\/\/przedszkole61.edu.wroclaw.pl\/wp-content\/uploads\/sites\/58\/2022\/05\/przedszkolaki-kiszonki-th-60-1-1-927x1024.jpg 927w, https:\/\/przedszkole61.edu.wroclaw.pl\/wp-content\/uploads\/sites\/58\/2022\/05\/przedszkolaki-kiszonki-th-60-1-1-768x848.jpg 768w, https:\/\/przedszkole61.edu.wroclaw.pl\/wp-content\/uploads\/sites\/58\/2022\/05\/przedszkolaki-kiszonki-th-60-1-1-600x662.jpg 600w, https:\/\/przedszkole61.edu.wroclaw.pl\/wp-content\/uploads\/sites\/58\/2022\/05\/przedszkolaki-kiszonki-th-60-1-1-1391x1536.jpg 1391w, https:\/\/przedszkole61.edu.wroclaw.pl\/wp-content\/uploads\/sites\/58\/2022\/05\/przedszkolaki-kiszonki-th-60-1-1-1855x2048.jpg 1855w\" sizes=\"auto, (max-width: 360px) 100vw, 360px\" \/><br \/>\n[\/vc_column_text][\/vc_column_inner][vc_column_inner width=&#8221;1\/6&#8243;][vc_icon icon_fontawesome=&#8221;fab fa-instagram&#8221; color=&#8221;custom&#8221; custom_color=&#8221;#558c89&#8243; link=&#8221;url:https%3A%2F%2Fwww.instagram.com%2Faccounts%2Flogin%2F%3Fnext%3D%2Farkadiuszdziakowski%2F|target:_blank&#8221;][vc_icon icon_fontawesome=&#8221;fab fa-facebook&#8221; color=&#8221;custom&#8221; link=&#8221;url:https%3A%2F%2Fpl-pl.facebook.com%2FZdrowyFerment%2F|target:_blank&#8221; custom_color=&#8221;#558c89&#8243;][\/vc_column_inner][\/vc_row_inner][\/vc_column][\/vc_row][vc_row][vc_column width=&#8221;1\/4&#8243;][vc_empty_space height=&#8221;92px&#8221;][vc_column_text]<img loading=\"lazy\" decoding=\"async\" class=\"alignnone wp-image-29216\" src=\"https:\/\/przedszkole61.edu.wroclaw.pl\/wp-content\/uploads\/sites\/58\/2022\/05\/przyciete-e1651778458319-1-286x300.jpg\" alt=\"\" width=\"360\" height=\"378\" srcset=\"https:\/\/przedszkole61.edu.wroclaw.pl\/wp-content\/uploads\/sites\/58\/2022\/05\/przyciete-e1651778458319-1-286x300.jpg 286w, https:\/\/przedszkole61.edu.wroclaw.pl\/wp-content\/uploads\/sites\/58\/2022\/05\/przyciete-e1651778458319-1.jpg 483w\" sizes=\"auto, (max-width: 360px) 100vw, 360px\" \/>[\/vc_column_text][vc_row_inner][vc_column_inner][vc_icon icon_fontawesome=&#8221;fab fa-youtube&#8221; color=&#8221;custom&#8221; size=&#8221;lg&#8221; align=&#8221;center&#8221; custom_color=&#8221;#558c89&#8243; link=&#8221;url:%20https%3A%2F%2Fprzedszkole61.edu.wroclaw.pl%2Findex.php%2Fkacik-kulinarny-pani-ali%2F|target:_blank&#8221;][\/vc_column_inner][\/vc_row_inner][\/vc_column][vc_column width=&#8221;3\/4&#8243;][vc_empty_space height=&#8221;82px&#8221;][vc_column_text]<\/p>\n<h3 style=\"text-align: center\"><span style=\"font-size: 24pt;color: #a75f20\">Alicja Furowicz<\/span><span style=\"font-size: 14pt\"><br \/>\nserce projektu i realizator projektu<br \/>\n<\/span><\/h3>\n<p><span style=\"font-size: 14pt\">Gotuje, tworzy kulinarne arcydzie\u0142a, ma wiele pomys\u0142\u00f3w na oryginalne dania dla niejadk\u00f3w. Jej potrawy s\u0105 nie tylko pyszne i zdrowe, ale i niezwykle estetyczne. Z gastronomi\u0105 zwi\u0105zana od ponad 20 lat \u2013 przez kilka lat prowadzi\u0142a swoj\u0105 gastronomi\u0119, a obecnie na sta\u0142e wsp\u00f3\u0142pracuje z jedn\u0105 z najlepszych wroc\u0142awskich restauracji. W pracy w przedszkolu \u0142\u0105czy swoj\u0105 pasj\u0119 gotowania oraz edukowania \u017cywieniowego z kontaktem z najbardziej zaanga\u017cowanymi kucharzami \u2013 przedszkolakami.<\/span><\/p>\n<p><span style=\"font-size: 14pt\"><em><strong>Gajowickie Skrzaty<\/strong><\/em> zdrowo fermentuj\u0105 to jej ulubiony projekt.<\/span><\/p>\n<p><span style=\"font-size: 14pt\">Jest autork\u0105 cyklu wideo poradnika <a href=\"https:\/\/przedszkole61.edu.wroclaw.pl\/index.php\/kacik-kulinarny-pani-ali\/\" target=\"_blank\" rel=\"noopener\"><em><strong>K\u0105cik kulinarny<\/strong><\/em><em><strong> pani Ali<\/strong><\/em>.<\/a><\/span>[\/vc_column_text][\/vc_column][\/vc_row][vc_row][vc_column width=&#8221;3\/4&#8243;][vc_column_text]<\/p>\n<h3 style=\"text-align: center\"><span style=\"font-size: 24pt;color: #a75f20\">Joanna Jandy<\/span><span style=\"font-size: 14pt\"><br \/>\nkreator projektu<\/span><\/h3>\n<p><span style=\"font-size: 14pt\">Pedagog z wieloletnim do\u015bwiadczeniem w pracy z dzie\u0107mi w r\u00f3\u017cnym wieku. Przez lata by\u0142a w kadrze zarz\u0105dzaj\u0105cej Szko\u0142\u0105 Podstawow\u0105 nr 109, a obecnie Przedszkolem nr 61 <em><strong>Gajowickie Skrzaty <\/strong><\/em>we Wroc\u0142awiu. Potrafi budowa\u0107 zaufanie i wzbudzi\u0107 sympati\u0119 u dzieci oraz nawi\u0105za\u0107 dobr\u0105 wsp\u00f3\u0142prac\u0119 z ich rodzicami. Cechuje j\u0105 optymizm i kreatywno\u015b\u0107. Jest bardzo energiczna, pe\u0142na zaanga\u017cowania i zrozumienia, zawsze wys\u0142ucha rado\u015bci i trosk swoich podopiecznych. Jest otwarta na nowe pomys\u0142y i wyzwania. Dewiz\u0105 Pani Joanny jest \u201eruch i zdrowy tryb \u017cycia\u201d, co doskonale potrafi przeku\u0107 w dzia\u0142anie. Pasjonuje si\u0119 zdrowym od\u017cywianiem i edukacj\u0105 dzieci w tym zakresie.<\/span><\/p>\n<p><span style=\"font-size: 14pt\">Jako osoba lubi\u0105ca wyzwania wsp\u00f3\u0142tworzy i prowadzi projekty kulinarne, wraz ze swoimi podopiecznymi zdobywa liczne nagrody.<\/span><\/p>\n<p><span style=\"font-size: 14pt\">Najwa\u017cniejsze projekty:<\/span><\/p>\n<ul>\n<li><span style=\"font-size: 14pt\">2021 \u2013 <strong><em>Gajowickie Skrzaty Zdrowo Fermentuj\u0105<\/em><\/strong> \u2013 autorski projekt, w kt\u00f3rym dzieci podczas zaj\u0119\u0107 ucz\u0105 si\u0119 zdrowego od\u017cywiania poprzez przyrz\u0105dzanie r\u00f3\u017cnorodnych kiszonek.<\/span><\/li>\n<li><span style=\"font-size: 14pt\">2015 \u2013 laureat w og\u00f3lnopolskim konkursie <strong><em>Kulinarni Odkrywcy<\/em><\/strong> z zespo\u0142em <em><strong>Ekipa z krainy gadaj\u0105cej dyni<\/strong> <\/em>ze SP 109 w\u015br\u00f3d ponad 450 film\u00f3w z ca\u0142ej Polski (<a href=\"https:\/\/www.wroclaw.pl\/dla-mieszkanca\/sp-nr-109-we-wroclawiu-sukces-kulinarnych-odkrywcow\" target=\"_blank\" rel=\"noopener\">artyku\u0142 o wydarzeniu<\/a>)<\/span><\/li>\n<li><span style=\"font-size: 14pt\">2013-2017 &#8211; realizacja we wsp\u00f3\u0142pracy <em><strong>Akademi\u0105 M\u0142odego Kucharza<\/strong><\/em> we Wroc\u0142awiu \u2013 Projektu edukacyjno\u2013kulinarnego <em><strong>Kulinarne ABC \u2013 wiem co jem<\/strong><\/em><\/span><\/li>\n<\/ul>\n<p>[\/vc_column_text][\/vc_column][vc_column width=&#8221;1\/4&#8243;][vc_empty_space height=&#8221;52px&#8221;][vc_empty_space height=&#8221;62px&#8221;][vc_empty_space height=&#8221;80px&#8221;][vc_empty_space][vc_column_text]<img loading=\"lazy\" decoding=\"async\" class=\"alignright wp-image-29217\" src=\"https:\/\/przedszkole61.edu.wroclaw.pl\/wp-content\/uploads\/sites\/58\/2022\/05\/przedszkolaki-kiszonki-th-55-scaled-e1653987921836-270x300.jpg\" alt=\"\" width=\"360\" height=\"400\" srcset=\"https:\/\/przedszkole61.edu.wroclaw.pl\/wp-content\/uploads\/sites\/58\/2022\/05\/przedszkolaki-kiszonki-th-55-scaled-e1653987921836-270x300.jpg 270w, https:\/\/przedszkole61.edu.wroclaw.pl\/wp-content\/uploads\/sites\/58\/2022\/05\/przedszkolaki-kiszonki-th-55-scaled-e1653987921836-921x1024.jpg 921w, https:\/\/przedszkole61.edu.wroclaw.pl\/wp-content\/uploads\/sites\/58\/2022\/05\/przedszkolaki-kiszonki-th-55-scaled-e1653987921836-768x854.jpg 768w, https:\/\/przedszkole61.edu.wroclaw.pl\/wp-content\/uploads\/sites\/58\/2022\/05\/przedszkolaki-kiszonki-th-55-scaled-e1653987921836-600x667.jpg 600w, https:\/\/przedszkole61.edu.wroclaw.pl\/wp-content\/uploads\/sites\/58\/2022\/05\/przedszkolaki-kiszonki-th-55-scaled-e1653987921836-1381x1536.jpg 1381w, https:\/\/przedszkole61.edu.wroclaw.pl\/wp-content\/uploads\/sites\/58\/2022\/05\/przedszkolaki-kiszonki-th-55-scaled-e1653987921836.jpg 1536w\" sizes=\"auto, (max-width: 360px) 100vw, 360px\" \/>[\/vc_column_text][\/vc_column][\/vc_row]<\/p>\n<\/div>","protected":false},"excerpt":{"rendered":"<p>[vc_row equal_height=&#8221;yes&#8221; content_placement=&#8221;top&#8221; parallax=&#8221;content-moving&#8221;][vc_column parallax=&#8221;content-moving&#8221; parallax_image=&#8221;29571&#8243; css=&#8221;.vc_custom_1654801427283{background-color: rgba(22,22,22,0.6) !important;*background-color: rgb(22,22,22) !important;}&#8221;][vc_custom_heading text=&#8221;Sprawcy fermentowania&#8221; font_container=&#8221;tag:h2|font_size:60px|text_align:center|color:%23ffffff|line_height:5&#8243; use_theme_fonts=&#8221;yes&#8221; css_animation=&#8221;fadeIn&#8221;][\/vc_column][\/vc_row][vc_row][vc_column width=&#8221;2\/3&#8243;][vc_column_text] Arkadiusz Dziakowski mistrz \u015bwiata fermentowania Gotowanie to nie spos\u00f3b na \u017cycie ale pasja, [&hellip;]<\/p>\n","protected":false},"author":299,"featured_media":0,"parent":0,"menu_order":0,"comment_status":"closed","ping_status":"closed","template":"","meta":{"ngg_post_thumbnail":0,"footnotes":""},"class_list":["post-28975","page","type-page","status-publish","hentry","clearfix"],"_links":{"self":[{"href":"https:\/\/przedszkole61.edu.wroclaw.pl\/index.php\/wp-json\/wp\/v2\/pages\/28975","targetHints":{"allow":["GET"]}}],"collection":[{"href":"https:\/\/przedszkole61.edu.wroclaw.pl\/index.php\/wp-json\/wp\/v2\/pages"}],"about":[{"href":"https:\/\/przedszkole61.edu.wroclaw.pl\/index.php\/wp-json\/wp\/v2\/types\/page"}],"author":[{"embeddable":true,"href":"https:\/\/przedszkole61.edu.wroclaw.pl\/index.php\/wp-json\/wp\/v2\/users\/299"}],"replies":[{"embeddable":true,"href":"https:\/\/przedszkole61.edu.wroclaw.pl\/index.php\/wp-json\/wp\/v2\/comments?post=28975"}],"version-history":[{"count":24,"href":"https:\/\/przedszkole61.edu.wroclaw.pl\/index.php\/wp-json\/wp\/v2\/pages\/28975\/revisions"}],"predecessor-version":[{"id":29649,"href":"https:\/\/przedszkole61.edu.wroclaw.pl\/index.php\/wp-json\/wp\/v2\/pages\/28975\/revisions\/29649"}],"wp:attachment":[{"href":"https:\/\/przedszkole61.edu.wroclaw.pl\/index.php\/wp-json\/wp\/v2\/media?parent=28975"}],"curies":[{"name":"wp","href":"https:\/\/api.w.org\/{rel}","templated":true}]}}