
{"id":294,"date":"2021-03-24T08:15:08","date_gmt":"2021-03-24T07:15:08","guid":{"rendered":"https:\/\/przedszkole61.edu.wroclaw.pl\/?page_id=294"},"modified":"2025-11-14T21:41:18","modified_gmt":"2025-11-14T20:41:18","slug":"tematy-kompleksowe","status":"publish","type":"page","link":"https:\/\/przedszkole61.edu.wroclaw.pl\/index.php\/oferta-edukacyjna\/tematy-kompleksowe\/","title":{"rendered":"Animania &#8211; warsztaty naukowe"},"content":{"rendered":"<div class=\"wpb-content-wrapper\"><p>[vc_row][vc_column][vc_column_text css=&#8221;&#8221;]<\/p>\n<div class=\"pe-article-content\">\n<p><strong>Serdecznie zapraszamy Gajowickie Skrzaty do Akademii M\u0142odych Naukowc\u00f3w Animania<\/strong><\/p>\n<p><strong>Poni\u017cej zamieszczamy terminy warsztat\u00f3w na rok szkolny 2025\/2026 <\/strong><\/p>\n<p><a href=\"https:\/\/przedszkole61.edu.wroclaw.pl\/wp-content\/uploads\/sites\/58\/2025\/09\/Animania-Gajowickie-Skrzaty.pdf\">Animania Gajowickie Skrzaty &#8211; terminy<\/a><\/p>\n<p><strong>Mobilne Warsztaty Naukowe dla Przedszkolaka &#8211; Gajowickie Skrzaty: <\/strong><em><a href=\"https:\/\/przedszkole61.edu.wroclaw.pl\/wp-content\/uploads\/sites\/58\/2025\/10\/oferta-dla-Skrzatow.pdf\">oferta dla Skrzat\u00f3w<\/a><\/em><\/p>\n<\/div>\n<p><em>Anna Wojsa<\/em><\/p>\n<p><strong><em>Za\u0142o\u017cyciel i Dyrektor Programowy<\/em><\/strong><\/p>\n<table>\n<tbody>\n<tr>\n<td width=\"139\"><\/td>\n<td width=\"423\">tel. 609 289 990<\/p>\n<p>e-mail:<a href=\"mailto:a.wojsa@animania.edu.pl\">a.wojsa@animania.edu.pl<\/a><\/p>\n<p>web: <a href=\"https:\/\/animania.edu.pl\">https:\/\/animania.edu.pl<\/a><\/td>\n<\/tr>\n<tr>\n<td width=\"139\"><\/td>\n<td width=\"423\"><\/td>\n<\/tr>\n<\/tbody>\n<\/table>\n<p>[\/vc_column_text][\/vc_column][\/vc_row]<\/p>\n<\/div>","protected":false},"excerpt":{"rendered":"<p>[vc_row][vc_column][vc_column_text css=&#8221;&#8221;] Serdecznie zapraszamy Gajowickie Skrzaty do Akademii M\u0142odych Naukowc\u00f3w Animania Poni\u017cej zamieszczamy terminy warsztat\u00f3w na rok szkolny 2025\/2026 Animania Gajowickie Skrzaty &#8211; terminy Mobilne Warsztaty Naukowe dla Przedszkolaka &#8211; [&hellip;]<\/p>\n","protected":false},"author":15,"featured_media":0,"parent":151,"menu_order":0,"comment_status":"closed","ping_status":"closed","template":"","meta":{"ngg_post_thumbnail":0,"footnotes":""},"class_list":["post-294","page","type-page","status-publish","hentry","clearfix"],"_links":{"self":[{"href":"https:\/\/przedszkole61.edu.wroclaw.pl\/index.php\/wp-json\/wp\/v2\/pages\/294","targetHints":{"allow":["GET"]}}],"collection":[{"href":"https:\/\/przedszkole61.edu.wroclaw.pl\/index.php\/wp-json\/wp\/v2\/pages"}],"about":[{"href":"https:\/\/przedszkole61.edu.wroclaw.pl\/index.php\/wp-json\/wp\/v2\/types\/page"}],"author":[{"embeddable":true,"href":"https:\/\/przedszkole61.edu.wroclaw.pl\/index.php\/wp-json\/wp\/v2\/users\/15"}],"replies":[{"embeddable":true,"href":"https:\/\/przedszkole61.edu.wroclaw.pl\/index.php\/wp-json\/wp\/v2\/comments?post=294"}],"version-history":[{"count":39,"href":"https:\/\/przedszkole61.edu.wroclaw.pl\/index.php\/wp-json\/wp\/v2\/pages\/294\/revisions"}],"predecessor-version":[{"id":35992,"href":"https:\/\/przedszkole61.edu.wroclaw.pl\/index.php\/wp-json\/wp\/v2\/pages\/294\/revisions\/35992"}],"up":[{"embeddable":true,"href":"https:\/\/przedszkole61.edu.wroclaw.pl\/index.php\/wp-json\/wp\/v2\/pages\/151"}],"wp:attachment":[{"href":"https:\/\/przedszkole61.edu.wroclaw.pl\/index.php\/wp-json\/wp\/v2\/media?parent=294"}],"curies":[{"name":"wp","href":"https:\/\/api.w.org\/{rel}","templated":true}]}}