
{"id":29543,"date":"2022-06-08T15:56:34","date_gmt":"2022-06-08T13:56:34","guid":{"rendered":"https:\/\/przedszkole61.edu.wroclaw.pl\/?page_id=29543"},"modified":"2022-06-08T16:06:13","modified_gmt":"2022-06-08T14:06:13","slug":"kacik-kulinarny-pani-ali","status":"publish","type":"page","link":"https:\/\/przedszkole61.edu.wroclaw.pl\/index.php\/kacik-kulinarny-pani-ali\/","title":{"rendered":"K\u0105cik kulinarny Pani Ali"},"content":{"rendered":"<div class=\"pe-blog-row style-standard items-1\">\n<div class=\"pe-row\">\n<div class=\"blog-col col-sm-12\">\n<article class=\"post-2613 post type-post status-publish format-standard hentry category-kacik-kulinarny clearfix\">\n<header class=\"page-header\">\n<h3 class=\"entry-title\"><span style=\"color: #339966\">Zdrowe chipsy z jarmu\u017cu p. Ali<\/span><\/h3>\n<\/header>\n<div class=\"pe-article-content\">\n<p>Pani Ala zaprasza na wsp\u00f3lne przygotowanie <a href=\"https:\/\/youtu.be\/fL8WDADc9GA\" target=\"_blank\" rel=\"noopener\">zdrowych chips\u00f3w z jarmu\u017cu<\/a>. Zapraszamy!<\/p>\n<\/div>\n<\/article>\n<div class=\"pe-blog-row style-standard items-1\">\n<div class=\"pe-row\">\n<div class=\"blog-col col-sm-12\">\n<article class=\"post-2320 post type-post status-publish format-standard hentry category-kacik-kulinarny clearfix\">\n<header class=\"page-header\">\n<h3 class=\"entry-title\"><span style=\"color: #339966\">Deser z jab\u0142ek, jogurtu i p\u0142atk\u00f3w kukurydzianych<\/span><\/h3>\n<\/header>\n<div class=\"pe-article-content\">\n<p>Zapraszamy do wykonania <a href=\"https:\/\/youtu.be\/_T7M0Rk-8oo\" target=\"_blank\" rel=\"noopener\">deseru z jab\u0142ek, jogurtu naturalnego i p\u0142atk\u00f3w kukurydzianych<\/a> z pani\u0105 Al\u0105.<\/p>\n<\/div>\n<div class=\"pe-blog-row style-standard items-1\">\n<div class=\"pe-row\">\n<div class=\"blog-col col-sm-12\">\n<article class=\"post-2310 post type-post status-publish format-standard hentry category-kacik-kulinarny clearfix\">\n<header class=\"page-header\">\n<h3 class=\"entry-title\"><span style=\"color: #339966\">Szasz\u0142yki owocowe z p. Al\u0105 i papug\u0105<\/span><\/h3>\n<\/header>\n<div class=\"pe-article-content\">\n<p>Pani Ala zaprasza na <a href=\"https:\/\/youtu.be\/JOx2XvMKbvo\" target=\"_blank\" rel=\"noopener\">szasz\u0142yki owocowe<\/a>, a towarzyszy jej dzisiaj papuga \ud83d\ude42<\/p>\n<\/div>\n<div class=\"pe-blog-row style-standard items-1\">\n<div class=\"pe-row\">\n<div class=\"blog-col col-sm-12\">\n<article class=\"post-2306 post type-post status-publish format-standard hentry category-kacik-kulinarny clearfix\">\n<header class=\"page-header\">\n<h3 class=\"entry-title\"><span style=\"color: #339966\">Inspiracja p. Ali \u2013 Shake bananowy<\/span><\/h3>\n<\/header>\n<div class=\"pe-article-content\">\n<p>Pani Ala zn\u00f3w zaprasza do swojej kuchni, przygotuj razem z p. Al\u0105 pysznego i s\u0142odkiego <a href=\"https:\/\/youtu.be\/zc2-UZe5YaE\" target=\"_blank\" rel=\"noopener\">Shake\u2019a bananowego<\/a> \ud83d\ude42<\/p>\n<div class=\"pe-blog-row style-standard items-1\">\n<div class=\"pe-row\">\n<div class=\"blog-col col-sm-12\">\n<article class=\"post-2227 post type-post status-publish format-link hentry category-kacik-kulinarny post_format-post-format-link clearfix\">\n<header class=\"page-header\">\n<h3 class=\"entry-title\"><span style=\"color: #339966\">Pomys\u0142 na II \u015bniadanie \u2013 film p. Ali<\/span><\/h3>\n<\/header>\n<div class=\"pe-article-content\">\n<p>Pani Ala zaprasza do swojej kuchni, przygotuj razem z p. Al\u0105 smaczne <a href=\"https:\/\/youtu.be\/VyNcs5XYgok\" target=\"_blank\" rel=\"noopener\">tosty z miodem oraz tart\u0105 marchewk\u0105<\/a> \ud83d\ude42<\/p>\n<\/div>\n<\/article>\n<\/div>\n<\/div>\n<\/div>\n<\/div>\n<\/article>\n<\/div>\n<\/div>\n<\/div>\n<\/article>\n<\/div>\n<\/div>\n<\/div>\n<\/article>\n<\/div>\n<\/div>\n<\/div>\n<\/div>\n<\/div>\n<\/div>\n","protected":false},"excerpt":{"rendered":"<p>Zdrowe chipsy z jarmu\u017cu p. Ali Pani Ala zaprasza na wsp\u00f3lne przygotowanie zdrowych chips\u00f3w z jarmu\u017cu. Zapraszamy! Deser z jab\u0142ek, jogurtu i p\u0142atk\u00f3w kukurydzianych Zapraszamy do wykonania deseru z jab\u0142ek, [&hellip;]<\/p>\n","protected":false},"author":299,"featured_media":0,"parent":0,"menu_order":0,"comment_status":"closed","ping_status":"closed","template":"","meta":{"ngg_post_thumbnail":0,"footnotes":""},"class_list":["post-29543","page","type-page","status-publish","hentry","clearfix"],"_links":{"self":[{"href":"https:\/\/przedszkole61.edu.wroclaw.pl\/index.php\/wp-json\/wp\/v2\/pages\/29543","targetHints":{"allow":["GET"]}}],"collection":[{"href":"https:\/\/przedszkole61.edu.wroclaw.pl\/index.php\/wp-json\/wp\/v2\/pages"}],"about":[{"href":"https:\/\/przedszkole61.edu.wroclaw.pl\/index.php\/wp-json\/wp\/v2\/types\/page"}],"author":[{"embeddable":true,"href":"https:\/\/przedszkole61.edu.wroclaw.pl\/index.php\/wp-json\/wp\/v2\/users\/299"}],"replies":[{"embeddable":true,"href":"https:\/\/przedszkole61.edu.wroclaw.pl\/index.php\/wp-json\/wp\/v2\/comments?post=29543"}],"version-history":[{"count":4,"href":"https:\/\/przedszkole61.edu.wroclaw.pl\/index.php\/wp-json\/wp\/v2\/pages\/29543\/revisions"}],"predecessor-version":[{"id":29550,"href":"https:\/\/przedszkole61.edu.wroclaw.pl\/index.php\/wp-json\/wp\/v2\/pages\/29543\/revisions\/29550"}],"wp:attachment":[{"href":"https:\/\/przedszkole61.edu.wroclaw.pl\/index.php\/wp-json\/wp\/v2\/media?parent=29543"}],"curies":[{"name":"wp","href":"https:\/\/api.w.org\/{rel}","templated":true}]}}