
{"id":31866,"date":"2023-03-13T10:39:20","date_gmt":"2023-03-13T09:39:20","guid":{"rendered":"https:\/\/przedszkole61.edu.wroclaw.pl\/?page_id=31866"},"modified":"2024-11-19T23:06:21","modified_gmt":"2024-11-19T22:06:21","slug":"judo","status":"publish","type":"page","link":"https:\/\/przedszkole61.edu.wroclaw.pl\/index.php\/oferta-edukacyjna\/judo\/","title":{"rendered":"Judo"},"content":{"rendered":"<p>Miejsce treningu:<strong> <a href=\"https:\/\/wks-slask.wroc.pl\/uroczyste-otwarcie-hali-sportowej-przy-ul-raclawickiej\/\">https:\/\/wks-slask.wroc.pl\/uroczyste-otwarcie-hali-sportowej-przy-ul-raclawickiej\/<\/a><\/strong><\/p>\n<p>W za\u0142\u0105czeniu: upowa\u017cnienie do odbioru dzieci (wype\u0142nione zostaje w przedszkolu) oraz zg\u0142oszenie do udzia\u0142u w zaj\u0119ciach (wype\u0142nione rodzice przynosz\u0105 na zaj\u0119cia)<\/p>\n<p><a href=\"https:\/\/przedszkole61.edu.wroclaw.pl\/wp-content\/uploads\/sites\/58\/2023\/09\/zg_oszenie-uczestnictwa-w-zajeciach.pdf\">zg\u0142oszenie uczestnictwa w zaj\u0119ciach<\/a><\/p>\n<p><a href=\"https:\/\/przedszkole61.edu.wroclaw.pl\/wp-content\/uploads\/sites\/58\/2023\/09\/upowaznienie-do-odbioru-dziecka.pdf\">upowa\u017cnienie do odbioru dziecka<\/a><\/p>\n<p>Zapisy: <a href=\"mailto:wolmir77@wp.pl\">wolmir77@wp.pl<\/a><\/p>\n<p>telefon: 502 082 128<\/p>\n<p>trener: Miros\u0142aw Wolszczak<\/p>\n<p>&nbsp;<\/p>\n<p>&nbsp;<\/p>\n<p>&nbsp;<\/p>\n","protected":false},"excerpt":{"rendered":"<p>Miejsce treningu: https:\/\/wks-slask.wroc.pl\/uroczyste-otwarcie-hali-sportowej-przy-ul-raclawickiej\/ W za\u0142\u0105czeniu: upowa\u017cnienie do odbioru dzieci (wype\u0142nione zostaje w przedszkolu) oraz zg\u0142oszenie do udzia\u0142u w zaj\u0119ciach (wype\u0142nione rodzice przynosz\u0105 na zaj\u0119cia) zg\u0142oszenie uczestnictwa w zaj\u0119ciach upowa\u017cnienie do [&hellip;]<\/p>\n","protected":false},"author":15,"featured_media":0,"parent":151,"menu_order":0,"comment_status":"closed","ping_status":"closed","template":"","meta":{"ngg_post_thumbnail":0,"footnotes":""},"class_list":["post-31866","page","type-page","status-publish","hentry","clearfix"],"_links":{"self":[{"href":"https:\/\/przedszkole61.edu.wroclaw.pl\/index.php\/wp-json\/wp\/v2\/pages\/31866","targetHints":{"allow":["GET"]}}],"collection":[{"href":"https:\/\/przedszkole61.edu.wroclaw.pl\/index.php\/wp-json\/wp\/v2\/pages"}],"about":[{"href":"https:\/\/przedszkole61.edu.wroclaw.pl\/index.php\/wp-json\/wp\/v2\/types\/page"}],"author":[{"embeddable":true,"href":"https:\/\/przedszkole61.edu.wroclaw.pl\/index.php\/wp-json\/wp\/v2\/users\/15"}],"replies":[{"embeddable":true,"href":"https:\/\/przedszkole61.edu.wroclaw.pl\/index.php\/wp-json\/wp\/v2\/comments?post=31866"}],"version-history":[{"count":7,"href":"https:\/\/przedszkole61.edu.wroclaw.pl\/index.php\/wp-json\/wp\/v2\/pages\/31866\/revisions"}],"predecessor-version":[{"id":36428,"href":"https:\/\/przedszkole61.edu.wroclaw.pl\/index.php\/wp-json\/wp\/v2\/pages\/31866\/revisions\/36428"}],"up":[{"embeddable":true,"href":"https:\/\/przedszkole61.edu.wroclaw.pl\/index.php\/wp-json\/wp\/v2\/pages\/151"}],"wp:attachment":[{"href":"https:\/\/przedszkole61.edu.wroclaw.pl\/index.php\/wp-json\/wp\/v2\/media?parent=31866"}],"curies":[{"name":"wp","href":"https:\/\/api.w.org\/{rel}","templated":true}]}}