
{"id":31869,"date":"2023-03-13T10:40:36","date_gmt":"2023-03-13T09:40:36","guid":{"rendered":"https:\/\/przedszkole61.edu.wroclaw.pl\/?page_id=31869"},"modified":"2025-08-28T22:46:20","modified_gmt":"2025-08-28T20:46:20","slug":"basen","status":"publish","type":"page","link":"https:\/\/przedszkole61.edu.wroclaw.pl\/index.php\/oferta-edukacyjna\/basen\/","title":{"rendered":"Basen"},"content":{"rendered":"<div class=\"wpb-content-wrapper\"><p>[vc_row][vc_column][vc_column_text css=&#8221;&#8221;]<\/p>\n<div class=\"elementor-element elementor-element-650c2c8 elementor-widget elementor-widget-text-editor\" data-id=\"650c2c8\" data-element_type=\"widget\" data-widget_type=\"text-editor.default\">\n<div class=\"elementor-widget-container\">\n<div class=\"elementor-text-editor elementor-clearfix\">\n<div role=\"tabpanel\" data-tab=\"2\" aria-labelledby=\"elementor-tab-title-1282\">\n<p align=\"left\"><strong>Zaj\u0119cia prowadzone s\u0105 przez szk\u00f3\u0142k\u0119 p\u0142ywack\u0105 W\u0142adcy Wody i odbywaj\u0105 si\u0119 na basenie przy ul. Rac\u0142awickiej<\/strong><\/p>\n<p align=\"left\">\n<\/div>\n<\/div>\n<\/div>\n<\/div>\n<p><a href=\"https:\/\/przedszkole61.edu.wroclaw.pl\/wp-content\/uploads\/sites\/58\/2025\/08\/cid_C8409485C92398449F9F9853BF15F5F1@wroclawskaedukacja.jpg\"><img loading=\"lazy\" decoding=\"async\" class=\"size-medium wp-image-38192 aligncenter\" src=\"https:\/\/przedszkole61.edu.wroclaw.pl\/wp-content\/uploads\/sites\/58\/2025\/08\/cid_C8409485C92398449F9F9853BF15F5F1@wroclawskaedukacja-214x300.jpg\" alt=\"\" width=\"214\" height=\"300\" srcset=\"https:\/\/przedszkole61.edu.wroclaw.pl\/wp-content\/uploads\/sites\/58\/2025\/08\/cid_C8409485C92398449F9F9853BF15F5F1@wroclawskaedukacja-214x300.jpg 214w, https:\/\/przedszkole61.edu.wroclaw.pl\/wp-content\/uploads\/sites\/58\/2025\/08\/cid_C8409485C92398449F9F9853BF15F5F1@wroclawskaedukacja-729x1024.jpg 729w, https:\/\/przedszkole61.edu.wroclaw.pl\/wp-content\/uploads\/sites\/58\/2025\/08\/cid_C8409485C92398449F9F9853BF15F5F1@wroclawskaedukacja-768x1078.jpg 768w, https:\/\/przedszkole61.edu.wroclaw.pl\/wp-content\/uploads\/sites\/58\/2025\/08\/cid_C8409485C92398449F9F9853BF15F5F1@wroclawskaedukacja.jpg 909w\" sizes=\"auto, (max-width: 214px) 100vw, 214px\" \/><\/a>[\/vc_column_text][\/vc_column][\/vc_row]<\/p>\n<\/div>","protected":false},"excerpt":{"rendered":"<p>[vc_row][vc_column][vc_column_text css=&#8221;&#8221;] Zaj\u0119cia prowadzone s\u0105 przez szk\u00f3\u0142k\u0119 p\u0142ywack\u0105 W\u0142adcy Wody i odbywaj\u0105 si\u0119 na basenie przy ul. Rac\u0142awickiej [\/vc_column_text][\/vc_column][\/vc_row]<\/p>\n","protected":false},"author":15,"featured_media":0,"parent":151,"menu_order":0,"comment_status":"closed","ping_status":"closed","template":"","meta":{"ngg_post_thumbnail":0,"footnotes":""},"class_list":["post-31869","page","type-page","status-publish","hentry","clearfix"],"_links":{"self":[{"href":"https:\/\/przedszkole61.edu.wroclaw.pl\/index.php\/wp-json\/wp\/v2\/pages\/31869","targetHints":{"allow":["GET"]}}],"collection":[{"href":"https:\/\/przedszkole61.edu.wroclaw.pl\/index.php\/wp-json\/wp\/v2\/pages"}],"about":[{"href":"https:\/\/przedszkole61.edu.wroclaw.pl\/index.php\/wp-json\/wp\/v2\/types\/page"}],"author":[{"embeddable":true,"href":"https:\/\/przedszkole61.edu.wroclaw.pl\/index.php\/wp-json\/wp\/v2\/users\/15"}],"replies":[{"embeddable":true,"href":"https:\/\/przedszkole61.edu.wroclaw.pl\/index.php\/wp-json\/wp\/v2\/comments?post=31869"}],"version-history":[{"count":5,"href":"https:\/\/przedszkole61.edu.wroclaw.pl\/index.php\/wp-json\/wp\/v2\/pages\/31869\/revisions"}],"predecessor-version":[{"id":38195,"href":"https:\/\/przedszkole61.edu.wroclaw.pl\/index.php\/wp-json\/wp\/v2\/pages\/31869\/revisions\/38195"}],"up":[{"embeddable":true,"href":"https:\/\/przedszkole61.edu.wroclaw.pl\/index.php\/wp-json\/wp\/v2\/pages\/151"}],"wp:attachment":[{"href":"https:\/\/przedszkole61.edu.wroclaw.pl\/index.php\/wp-json\/wp\/v2\/media?parent=31869"}],"curies":[{"name":"wp","href":"https:\/\/api.w.org\/{rel}","templated":true}]}}