
{"id":38644,"date":"2025-10-29T10:12:26","date_gmt":"2025-10-29T09:12:26","guid":{"rendered":"https:\/\/przedszkole61.edu.wroclaw.pl\/?page_id=38644"},"modified":"2026-02-16T13:41:45","modified_gmt":"2026-02-16T12:41:45","slug":"pomoc-psychologiczno-pedagogiczna","status":"publish","type":"page","link":"https:\/\/przedszkole61.edu.wroclaw.pl\/index.php\/pomoc-psychologiczno-pedagogiczna\/","title":{"rendered":"Pomoc psychologiczno-pedagogiczna"},"content":{"rendered":"<div class=\"wpb-content-wrapper\"><p>[vc_row][vc_column css=&#8221;.vc_custom_1761729140511{background-color: #056839 !important;}&#8221;][vc_tta_tabs][vc_tta_section title=&#8221;Pedagog specjalny&#8221; tab_id=&#8221;1677159232015-b9a77741-ffcd&#8221;][vc_column_text css=&#8221;&#8221;]<\/p>\n<h2 style=\"text-align: left;\"><strong><span style=\"font-family: arial, helvetica, sans-serif; color: #008000; font-size: 24pt;\">Pedagog specjalny<\/span><\/strong><\/h2>\n<p>&nbsp;<\/p>\n<p><span style=\"font-family: arial, helvetica, sans-serif;\">Zaj\u0119cia z rytmiki oraz bajkoterapii w naszym przedszkolu prowadzi<\/span><br \/>\n<span style=\"font-family: arial, helvetica, sans-serif;\">pedagog specjalny, kt\u00f3ry jest tak\u017ce nauczycielem rytmiki i muzykiem.<\/span><\/p>\n<p><span style=\"color: #339966; font-family: arial, helvetica, sans-serif;\">RYTMIKA Z ELEMENTAMI MUZYKOTERAPII<\/span><\/p>\n<p><span style=\"font-family: arial, helvetica, sans-serif;\">Zaj\u0119cia rytmiki z elementami muzykoterapii to og\u00f3lnorozwojowe spotkania muzyczne, \u0142\u0105cz\u0105ce klasyczn\u0105 rytmik\u0119 z terapeutycznym oddzia\u0142ywaniem d\u017awi\u0119ku. Spotkania podczas zaj\u0119\u0107 to co\u015b wi\u0119cej ni\u017c nauka piosenek \u2013 to bezpieczna przestrze\u0144, w kt\u00f3rej ka\u017cde dziecko mo\u017ce wyra\u017ca\u0107 siebie, roz\u0142adowywa\u0107 emocje oraz budowa\u0107 pewno\u015b\u0107 siebie.<\/span><\/p>\n<p><span style=\"font-family: arial, helvetica, sans-serif;\">Zaj\u0119cia wspieraj\u0105 harmonijny rozw\u00f3j dziecka poprzez ruch, muzyk\u0119 oraz \u015bwiadome do\u015bwiadczanie emocji w bezpiecznej i wspieraj\u0105cej atmosferze. <\/span><\/p>\n<p><span style=\"font-family: arial, helvetica, sans-serif;\">W programie zaj\u0119\u0107 realizowane s\u0105 m.in.:<\/span><\/p>\n<ul>\n<li><span style=\"font-family: arial, helvetica, sans-serif;\"><strong>Ruch i rytm<\/strong>: \u0107wiczenia koordynacyjne i zabawy ruchowe przy akompaniamencie instrument\u00f3w, rozwijaj\u0105ce motoryk\u0119 du\u017c\u0105 oraz orientacj\u0119 w przestrzeni,<\/span><\/li>\n<li><span style=\"font-family: arial, helvetica, sans-serif;\"><strong>Instrumentarium Orffa<\/strong>: samodzielne muzykowanie na dzwonkach, b\u0119benkach i marakasach, wspieraj\u0105ce koncentracj\u0119, s\u0142uch muzyczny i umiej\u0119tno\u015b\u0107 wsp\u00f3\u0142pracy w grupie,<\/span><\/li>\n<li><span style=\"font-family: arial, helvetica, sans-serif;\"><strong>Elementy muzykoterapii<\/strong>: \u0107wiczenia oddechowe i relaksacyjne przy d\u017awi\u0119kach muzyki klasycznej oraz instrument\u00f3w etnicznych, sprzyjaj\u0105ce wyciszeniu i redukcji stresu,<\/span><\/li>\n<li><span style=\"font-family: arial, helvetica, sans-serif;\"><strong>Aktywne s\u0142uchanie<\/strong>: rozpoznawanie nastroj\u00f3w w muzyce, rozwijaj\u0105ce wra\u017cliwo\u015b\u0107 emocjonaln\u0105, wyobra\u017ani\u0119 oraz umiej\u0119tno\u015b\u0107 rozumienia d\u017awi\u0119k\u00f3w.<\/span><\/li>\n<\/ul>\n<p><span style=\"font-family: arial, helvetica, sans-serif;\">Zaj\u0119cia wspieraj\u0105 rozw\u00f3j koordynacji ruchowej, s\u0142uchu muzycznego oraz mowy, m.in. poprzez \u0107wiczenia logorytmiczne.<\/span><\/p>\n<p><span style=\"color: #339966; font-family: arial, helvetica, sans-serif;\">BAJKOTERAPIA<\/span><\/p>\n<p><span style=\"font-family: arial, helvetica, sans-serif;\">Bajkoterapia to cykl zaj\u0119\u0107 wspieraj\u0105cych rozw\u00f3j emocjonalny i spo\u0142eczny dzieci poprzez kontakt z odpowiednio dobran\u0105 literatur\u0105 terapeutyczn\u0105. Podczas spotka\u0144 dzieci, wraz z bohaterami opowie\u015bci, odwiedzaj\u0105 \u015bwiat pe\u0142en przyg\u00f3d, poznaj\u0105 emocje, ucz\u0105 si\u0119 radzenia sobie z trudnymi sytuacjami oraz odkrywaj\u0105 sposoby budowania relacji z innymi, zdobywaj\u0105c tym samym wa\u017cne \u017cyciowe do\u015bwiadczenia.<\/span><\/p>\n<p><span style=\"font-family: arial, helvetica, sans-serif;\">Wykorzystywane s\u0105 bajki terapeutyczne, relaksacyjne i edukacyjne, kt\u00f3re w \u0142agodny i zrozumia\u0142y spos\u00f3b poruszaj\u0105 tematy takie jak nie\u015bmia\u0142o\u015b\u0107, l\u0119k, pora\u017cka, przyja\u017a\u0144, adaptacja w grupie czy wzmacnianie poczucia w\u0142asnej warto\u015bci.<\/span><\/p>\n<p><span style=\"font-family: arial, helvetica, sans-serif;\">Program ka\u017cdego spotkania obejmuje:<\/span><\/p>\n<ul>\n<li><span style=\"font-family: arial, helvetica, sans-serif;\"><strong>Wsp\u00f3lne czytanie\/opowiadanie:<\/strong> Interaktywne poznawanie historii, w kt\u00f3rej dziecko mo\u017ce identyfikowa\u0107 si\u0119 z bohaterem.<\/span><\/li>\n<li><span style=\"font-family: arial, helvetica, sans-serif;\"><strong>Warsztaty ekspresji:<\/strong> Przenoszenie emocji z bajki na j\u0119zyk sztuki (rysowanie, lepienie z gliny, zabawy pacynkami).<\/span><\/li>\n<li><span style=\"font-family: arial, helvetica, sans-serif;\"><strong>Trening umiej\u0119tno\u015bci spo\u0142ecznych:<\/strong> Rozmowy o tym, jak pom\u00f3c bohaterowi, co uczy dzieci wyci\u0105gania wniosk\u00f3w i empatii.<\/span><\/li>\n<li><span style=\"font-family: arial, helvetica, sans-serif;\"><strong>Magiczny relaks<\/strong>: Wyciszaj\u0105ce \u0107wiczenia oddechowe i wizualizacje przy spokojnej muzyce, ko\u0144cz\u0105ce ka\u017cde zaj\u0119cia.<\/span><\/li>\n<\/ul>\n<p>[\/vc_column_text][\/vc_tta_section][vc_tta_section title=&#8221;Logopeda&#8221; tab_id=&#8221;1677159232007-87227109-1637&#8243;][vc_column_text css=&#8221;&#8221;]<\/p>\n<h2 style=\"text-align: left;\"><span style=\"font-size: 24pt; font-family: arial, helvetica, sans-serif;\"><strong><span style=\"color: #008000;\">Logopeda<\/span><\/strong><\/span><\/h2>\n<p>&nbsp;<\/p>\n<h2 style=\"text-align: left;\"><span style=\"font-family: arial, helvetica, sans-serif; color: #339966;\"><strong>Drodzy Rodzice, serdecznie zapraszamy do kontaktu mailowego z logoped\u0105 przedszkolnym:<\/strong><\/span><\/h2>\n<p><span style=\"font-family: arial, helvetica, sans-serif;\"><a href=\"mailto:beata.sasak@wroclawska.edukacja.pl\">beata.sasak@wroclawska.edukacja.pl<\/a><\/span><\/p>\n<p><span style=\"font-family: arial, helvetica, sans-serif;\">W trosce o prawid\u0142owy przebieg rozwoju mowy Waszego dziecka zamieszczamy na naszej stronie internetowej porady logopedyczne \u201eGimnastyka buzi i j\u0119zyka \u2013 logopeda radzi\u201d.<\/span><br \/>\n<span style=\"font-family: arial, helvetica, sans-serif;\">Zach\u0119camy Pa\u0144stwa do zapoznania si\u0119 z artyku\u0142ami oraz gimnastyki buzi i j\u0119zyka razem z dzieckiem.<\/span><\/p>\n<p><span style=\"font-family: arial, helvetica, sans-serif;\">Poradnik zosta\u0142 opracowany we wsp\u00f3\u0142pracy ze Szko\u0142\u0105 Podstawow\u0105 nr 2 im. Romualda Traugutta w J\u00f3zefowie.<\/span><\/p>\n<p><span style=\"font-family: arial, helvetica, sans-serif;\"><strong>ODDYCHANIE<\/strong><\/span><\/p>\n<p><span style=\"font-family: arial, helvetica, sans-serif;\">Pliki do pobrania:<\/span><\/p>\n<p><span style=\"font-family: arial, helvetica, sans-serif;\"><a href=\"https:\/\/przedszkole61.edu.wroclaw.pl\/wp-content\/uploads\/sites\/58\/2021\/03\/ODDYCHANIE-USTAMI-A-KSZTALTOWANIE-SIE-WAD-ZGRYZU1.pdf\">ODDYCHANIE&nbsp; USTAMI A KSZTA\u0141TOWANIE SI\u0118 WAD ZGRYZU<\/a><\/span><\/p>\n<p><span style=\"font-family: arial, helvetica, sans-serif;\"><strong><a href=\"https:\/\/przedszkole61.edu.wroclaw.pl\/wp-content\/uploads\/sites\/58\/2021\/03\/ODDYCHANIE-c.d..pdf\">ODDYCHANIE c.d.<\/a><\/strong><\/span><\/p>\n<p><span style=\"font-family: arial, helvetica, sans-serif;\"><strong>ROZW\u00d3J I SK\u0141ADNIKI MOWY<\/strong><\/span><\/p>\n<p><span style=\"font-family: arial, helvetica, sans-serif;\">Pliki do pobrania:<\/span><\/p>\n<p><span style=\"font-family: arial, helvetica, sans-serif;\"><a href=\"https:\/\/przedszkole61.edu.wroclaw.pl\/wp-content\/uploads\/sites\/58\/2021\/03\/12-PRZYKAZAN-LOGOPEDYCZNYCH1.pdf\">12 PRZYKAZA\u0143 LOGOPEDYCZNYCH<\/a><\/span><\/p>\n<p><span style=\"font-family: arial, helvetica, sans-serif;\"><a href=\"https:\/\/przedszkole61.edu.wroclaw.pl\/wp-content\/uploads\/sites\/58\/2021\/03\/KIEDY-DO-LOGOPEDY.pdf\">KIEDY DO LOGOPEDY<\/a><\/span><\/p>\n<p><span style=\"font-family: arial, helvetica, sans-serif;\"><a href=\"https:\/\/przedszkole61.edu.wroclaw.pl\/wp-content\/uploads\/sites\/58\/2021\/03\/MOWA-I-JEJ-SKLADNIKI.pdf\">MOWA I JEJ SKLADNIKI MOWA I JEJ SKLADNIKI<\/a><\/span><\/p>\n<p><span style=\"font-family: arial, helvetica, sans-serif;\"><a href=\"https:\/\/przedszkole61.edu.wroclaw.pl\/wp-content\/uploads\/sites\/58\/2021\/03\/ROZWOJ-MOWY.pdf\">ROZW\u00d3J MOWY<\/a><\/span><\/p>\n<p><span style=\"font-family: arial, helvetica, sans-serif;\"><strong><a href=\"https:\/\/przedszkole61.edu.wroclaw.pl\/wp-content\/uploads\/sites\/58\/2021\/03\/WTORNY-ANALFABETYZM.pdf\">WT\u00d3RNY ANALFABETYZM<\/a><\/strong><\/span><\/p>\n<p><span style=\"font-family: arial, helvetica, sans-serif;\"><strong>JAK \u0106WICZY\u0106?<\/strong><\/span><\/p>\n<p><span style=\"font-family: arial, helvetica, sans-serif;\">Pliki do pobrania:<\/span><\/p>\n<p><span style=\"font-family: arial, helvetica, sans-serif;\"><a href=\"https:\/\/przedszkole61.edu.wroclaw.pl\/wp-content\/uploads\/sites\/58\/2021\/03\/CWICZENIA-ARTYKULACYJNE.pdf\">\u0106WICZENIA ARTYKULACYJNE<\/a><\/span><\/p>\n<p><span style=\"font-family: arial, helvetica, sans-serif;\"><a href=\"https:\/\/przedszkole61.edu.wroclaw.pl\/wp-content\/uploads\/sites\/58\/2021\/03\/CWICZENIA-ODDECHOWE.pdf\">\u0106WICZENIA ODDECHOWE<\/a><\/span><\/p>\n<p><span style=\"font-family: arial, helvetica, sans-serif;\"><a href=\"https:\/\/przedszkole61.edu.wroclaw.pl\/wp-content\/uploads\/sites\/58\/2021\/03\/CWICZENIA-SLUCHOWE.pdf\">\u0106WICZENIA S\u0141UCHOWE<\/a><\/span><\/p>\n<p><span style=\"font-family: arial, helvetica, sans-serif;\"><a href=\"https:\/\/przedszkole61.edu.wroclaw.pl\/wp-content\/uploads\/sites\/58\/2021\/03\/GLOSKI-K-G-H.pdf\">G\u0141OSKI K-G-H<\/a><\/span><\/p>\n<p><span style=\"font-family: arial, helvetica, sans-serif;\"><a href=\"https:\/\/przedszkole61.edu.wroclaw.pl\/wp-content\/uploads\/sites\/58\/2021\/03\/GLOSKI-S-Z-C-DZ.pdf\">G\u0141OSKI S-Z-C-DZ<\/a><\/span><\/p>\n<p><span style=\"font-family: arial, helvetica, sans-serif;\"><a href=\"https:\/\/przedszkole61.edu.wroclaw.pl\/wp-content\/uploads\/sites\/58\/2021\/03\/GLOSKI-SZ-Z-CZ-DZ.pdf\">G\u0141OSKI SZ-Z-CZ-DZ<\/a><\/span><\/p>\n<p><span style=\"font-family: arial, helvetica, sans-serif;\"><a href=\"https:\/\/przedszkole61.edu.wroclaw.pl\/wp-content\/uploads\/sites\/58\/2021\/03\/GLOSKA-R.pdf\">G\u0141OSKA R<\/a><\/span><\/p>\n<p><span style=\"font-family: arial, helvetica, sans-serif;\"><a href=\"https:\/\/przedszkole61.edu.wroclaw.pl\/wp-content\/uploads\/sites\/58\/2021\/03\/GLOSKI-T-D-N-L.pdf\">G\u0141OSKI T-D-N-L<\/a><\/span><\/p>\n<p><span style=\"font-family: arial, helvetica, sans-serif;\"><a href=\"https:\/\/przedszkole61.edu.wroclaw.pl\/wp-content\/uploads\/sites\/58\/2021\/03\/MOWA-BEZDZWIECZNA.pdf\">MOWA BEZD\u0179WI\u0118CZNA<\/a><\/span><\/p>\n<p><span style=\"font-family: arial, helvetica, sans-serif;\"><strong><a href=\"https:\/\/przedszkole61.edu.wroclaw.pl\/wp-content\/uploads\/sites\/58\/2021\/03\/PIONIZACJA-JEZYKA-I-POLYKANIE.pdf\">PIONIZACJA J\u0118ZYKA I PO\u0141YKANIE<\/a><\/strong><\/span><\/p>\n<p><span style=\"font-family: arial, helvetica, sans-serif;\"><strong>DLA MAM MA\u0141YCH DZIECI<\/strong><\/span><\/p>\n<p><span style=\"font-family: arial, helvetica, sans-serif;\">Pliki do pobrania<\/span><\/p>\n<p><span style=\"font-family: arial, helvetica, sans-serif;\"><a href=\"https:\/\/przedszkole61.edu.wroclaw.pl\/wp-content\/uploads\/sites\/58\/2021\/03\/KOCHANI-RODZICE.-JAK-MOZECIE-MI-POMOC.TO-PROSTE.pdf\">KOCHANI RODZICE \u2013 JAK MO\u017bECIE MI POM\u00d3C? TO PROSTE<\/a><\/span><\/p>\n<p><span style=\"font-family: arial, helvetica, sans-serif;\"><a href=\"https:\/\/przedszkole61.edu.wroclaw.pl\/wp-content\/uploads\/sites\/58\/2021\/03\/MASAZ.pdf\">MASA\u017b<\/a><\/span><\/p>\n<p><span style=\"font-family: arial, helvetica, sans-serif;\"><a href=\"https:\/\/przedszkole61.edu.wroclaw.pl\/wp-content\/uploads\/sites\/58\/2021\/03\/STYMULACJA-JEZYKOWA-NAJMLODSZYCH.pdf\">STYMULACJA J\u0118ZYKOWA NAJM\u0141ODSZYCH<\/a><\/span><\/p>\n<p><span style=\"font-family: arial, helvetica, sans-serif;\"><a href=\"https:\/\/przedszkole61.edu.wroclaw.pl\/wp-content\/uploads\/sites\/58\/2021\/03\/ZLOTE-REGULY-HARMONIJNEGO-ROZWOJU-MOWY-DZIECKA1.pdf\">Z\u0141OTE REGU\u0141Y HARMONIJNEGO ROZWOJU MOWY DZIECKA<\/a><\/span>[\/vc_column_text][\/vc_tta_section][vc_tta_section title=&#8221;Psycholog&#8221; tab_id=&#8221;1677159391649-b6cfc18a-53c2&#8243;][vc_column_text css=&#8221;&#8221;]<\/p>\n<h2 style=\"text-align: center;\">Psycholog<\/h2>\n<p>&nbsp;<\/p>\n<p>Psycholog &nbsp;przedszkolny<\/p>\n<p>&nbsp;<\/p>\n<p>Godziny pracy :<\/p>\n<p>&nbsp;<\/p>\n<p>poniedzia\u0142ek&nbsp; 9.00- 13.00<\/p>\n<p>wtorek&nbsp; 9.00- 13.00<\/p>\n<p>\u015broda 11.30- 16.30 (dy\u017cur konsultacyjny&nbsp;w godzinach 14:00-16:00)<\/p>\n<p>czwartek 10.00-15.00<\/p>\n<p>pi\u0105tek 8.00- 12.00<\/p>\n<p>&nbsp;<\/p>\n<p>Kontakt:<\/p>\n<p>&nbsp;<\/p>\n<p>mail:&nbsp;&nbsp;<a href=\"mailto:katbit6601@edu.wroclaw.pl\">katbit6601@edu.wroclaw.pl<\/a><\/p>\n<p>&nbsp;<\/p>\n<p>Tel: 71&nbsp;798 68 04 wew.140<\/p>\n<p>&nbsp;<\/p>\n<p>Dy\u017cur konsultacyjny odbywa si\u0119 w ka\u017cd\u0105 \u015brod\u0119 w godzinach 14:00\u201316:00.<br \/>\nW celu um\u00f3wienia spotkania wymagane jest wcze\u015bniejsze zg\u0142oszenie drog\u0105 mailow\u0105.[\/vc_column_text][\/vc_tta_section][vc_tta_section title=&#8221;Poradnia psychologiczno-pedagogiczna&#8221; tab_id=&#8221;1761731694213-29832674-c578&#8243;][vc_column_text css=&#8221;&#8221;]<span style=\"color: #008000; font-size: 18pt; font-family: arial, helvetica, sans-serif;\"><strong><span style=\"font-size: 24pt;\">Wsp\u00f3\u0142praca z poradni\u0105 psychologiczno-pedagogiczn\u0105<\/span> <\/strong><\/span><\/p>\n<p>&nbsp;<\/p>\n<p><span style=\"color: #339966; font-size: 12pt; font-family: arial, helvetica, sans-serif;\"><strong>Wsp\u00f3\u0142pracujemy z Poradni\u0105 Psychologiczno-Pedagogiczn\u0105 nr 4 przy ul. Jemio\u0142owej 59.<\/strong><\/span><\/p>\n<p><span style=\"font-size: 12pt; font-family: arial, helvetica, sans-serif;\">Zgodnie z Rozporz\u0105dzeniem MEN z dnia 30 kwietnia 2013 r w sprawie zasad udzielana i organizacji pomocy psychologiczno \u2013 pedagogicznej w plac\u00f3wkach o\u015bwiatowych<strong>.<\/strong><\/span><\/p>\n<p><span style=\"font-size: 12pt; font-family: arial, helvetica, sans-serif;\">Poni\u017cej oferta Poradni Psychologiczno &#8211; Pedagogicznej nr 4 na rok szkolny 2025\/2026<\/span><\/p>\n<p><span style=\"font-size: 12pt; font-family: arial, helvetica, sans-serif;\"><a href=\"https:\/\/przedszkole61.edu.wroclaw.pl\/wp-content\/uploads\/sites\/58\/2025\/09\/Oferta-PPP4-przedszkola-na-rok-szkolny-2025-2026.pdf\">Oferta PPP4 (przedszkola) na rok szkolny 2025 2026<\/a><\/span><\/p>\n<p><span style=\"font-size: 12pt; font-family: arial, helvetica, sans-serif;\"><strong>Telefon PPP \u2013 (71) 798 68 30<\/strong><em>&nbsp; <\/em><\/span><\/p>\n<p><span style=\"font-size: 12pt; font-family: arial, helvetica, sans-serif;\"><em><a href=\"http:\/\/www.ppp4.wroc.pl\/\">http:\/\/www.ppp4.wroc.pl\/<\/a><\/em><\/span><\/p>\n<p><span style=\"font-size: 12pt; font-family: arial, helvetica, sans-serif;\">e \u2013 mail: <a href=\"mailto:sekretariat.ppp4@wroclawskaedukacja.pl\">sekretariat.ppp4@wroclawskaedukacja.pl<\/a><\/span>[\/vc_column_text][\/vc_tta_section][vc_tta_section title=&#8221;Telefony zaufania&#8221; tab_id=&#8221;1700222489006-d5c7161b-878b&#8221;][vc_column_text css=&#8221;&#8221;]<span style=\"color: #008000; font-size: 24pt; font-family: arial, helvetica, sans-serif;\"><strong>Telefony zaufania i czaty dla os\u00f3b doros\u0142ych<\/strong><\/span><\/p>\n<p>&nbsp;<\/p>\n<p><span style=\"font-family: arial, helvetica, sans-serif;\">Je\u015bli obecnie prze\u017cywasz trudno\u015bci \u2014 czujesz, \u017ce sobie nie radzisz, dotkn\u0119\u0142a Ci\u0119 strata, choroba, samotno\u015b\u0107 albo do\u015bwiadczasz przemocy b\u0105d\u017a jeste\u015b jej \u015bwiadkiem \u2014 mo\u017cesz uzyska\u0107 wsparcie pod wskazanymi kontaktami.<\/span><br \/>\n<span style=\"font-family: arial, helvetica, sans-serif;\">Poni\u017cej znajdziesz 10 wa\u017cnych numer\u00f3w telefon\u00f3w oraz czat\u00f3w internetowych, kt\u00f3re umo\u017cliwiaj\u0105 rozmow\u0119 ze specjalist\u0105 w sytuacji kryzysu emocjonalnego lub w obliczu innych trudno\u015bci \u017cyciowych.<\/span><\/p>\n<p><span style=\"color: #339966; font-family: arial, helvetica, sans-serif;\"><strong>Telefony zaufania dla os\u00f3b doros\u0142ych<\/strong><\/span><\/p>\n<table style=\"width: 111.956%; height: 551px;\">\n<thead>\n<tr style=\"height: 24px;\">\n<td style=\"height: 24px;\" width=\"101\"><span style=\"font-family: arial, helvetica, sans-serif;\"><strong>Kontakt<\/strong><\/span><\/td>\n<td style=\"height: 24px;\" width=\"284\"><span style=\"font-family: arial, helvetica, sans-serif;\"><strong>Opis<\/strong><\/span><\/td>\n<td style=\"height: 24px;\"><span style=\"font-family: arial, helvetica, sans-serif;\"><strong>Dost\u0119pno\u015b\u0107<\/strong><\/span><\/td>\n<\/tr>\n<\/thead>\n<tbody>\n<tr style=\"height: 93px;\">\n<td style=\"height: 93px;\" width=\"101\"><span style=\"font-family: arial, helvetica, sans-serif;\"><strong>116 123<\/strong><\/span><\/td>\n<td style=\"height: 93px;\" width=\"284\"><span style=\"font-family: arial, helvetica, sans-serif;\">Telefon zaufania dla doros\u0142ych w kryzysie emocjonalnym, w tym os\u00f3b do\u015bwiadczaj\u0105cych przemocy.<\/span><\/td>\n<td style=\"height: 93px;\"><span style=\"font-family: arial, helvetica, sans-serif;\">Ca\u0142odobowo, 7 dni w tygodniu<\/span><\/td>\n<\/tr>\n<tr style=\"height: 62px;\">\n<td style=\"height: 62px;\" width=\"101\"><span style=\"font-family: arial, helvetica, sans-serif;\"><strong>800 70 2222<\/strong><\/span><\/td>\n<td style=\"height: 62px;\" width=\"284\"><span style=\"font-family: arial, helvetica, sans-serif;\">Telefon zaufania dla doros\u0142ych w stanie kryzysu psychicznego.<\/span><\/td>\n<td style=\"height: 62px;\"><span style=\"font-family: arial, helvetica, sans-serif;\">Ca\u0142odobowo, 7 dni w tygodniu<\/span><\/td>\n<\/tr>\n<tr style=\"height: 62px;\">\n<td style=\"height: 62px;\" width=\"101\"><span style=\"font-family: arial, helvetica, sans-serif;\"><strong>22 484 88 04<\/strong><\/span><\/td>\n<td style=\"height: 62px;\" width=\"284\"><span style=\"font-family: arial, helvetica, sans-serif;\">Telefon wsparcia dla os\u00f3b w depresji lub w kryzysie psychicznym.<\/span><\/td>\n<td style=\"height: 62px;\"><span style=\"font-family: arial, helvetica, sans-serif;\">Codziennie 11:00\u201320:00.<\/span><\/td>\n<\/tr>\n<tr style=\"height: 62px;\">\n<td style=\"height: 62px;\" width=\"101\"><span style=\"font-family: arial, helvetica, sans-serif;\"><strong>608 271 402<\/strong><\/span><\/td>\n<td style=\"height: 62px;\" width=\"284\"><span style=\"font-family: arial, helvetica, sans-serif;\">Telefon zaufania dla m\u0119\u017cczyzn.<\/span><\/td>\n<td style=\"height: 62px;\"><span style=\"font-family: arial, helvetica, sans-serif;\">Wtorek, \u015broda 17:00\u201319:00; czwartek 19:00\u201321:00.<\/span><\/td>\n<\/tr>\n<tr style=\"height: 62px;\">\n<td style=\"height: 62px;\" width=\"101\"><span style=\"font-family: arial, helvetica, sans-serif;\"><strong>22 635 09 54<\/strong><\/span><\/td>\n<td style=\"height: 62px;\" width=\"284\"><span style=\"font-family: arial, helvetica, sans-serif;\">Linia wsparcia dla os\u00f3b starszych.<\/span><\/td>\n<td style=\"height: 62px;\"><span style=\"font-family: arial, helvetica, sans-serif;\">Poniedzia\u0142ek, \u015broda, czwartek 17:00\u201320:00.<\/span><\/td>\n<\/tr>\n<tr style=\"height: 62px;\">\n<td style=\"height: 62px;\" width=\"101\"><span style=\"font-family: arial, helvetica, sans-serif;\"><strong>800 108 108<\/strong><\/span><\/td>\n<td style=\"height: 62px;\" width=\"284\"><span style=\"font-family: arial, helvetica, sans-serif;\">Telefon wsparcia dla os\u00f3b po utracie bliskich.<\/span><\/td>\n<td style=\"height: 62px;\"><span style=\"font-family: arial, helvetica, sans-serif;\">Od poniedzia\u0142ku do pi\u0105tku 14:00\u201320:00.<\/span><\/td>\n<\/tr>\n<tr style=\"height: 62px;\">\n<td style=\"height: 62px;\" width=\"101\"><span style=\"font-family: arial, helvetica, sans-serif;\"><strong>800 012 005<\/strong><\/span><\/td>\n<td style=\"height: 62px;\" width=\"284\"><span style=\"font-family: arial, helvetica, sans-serif;\">Telefon wsparcia dla os\u00f3b samotnych.<\/span><\/td>\n<td style=\"height: 62px;\"><span style=\"font-family: arial, helvetica, sans-serif;\">Codziennie 11:00\u201320:00.<\/span><\/td>\n<\/tr>\n<tr style=\"height: 62px;\">\n<td style=\"height: 62px;\" width=\"101\"><span style=\"font-family: arial, helvetica, sans-serif;\"><strong>801 889 880<\/strong><\/span><\/td>\n<td style=\"height: 62px;\" width=\"284\"><span style=\"font-family: arial, helvetica, sans-serif;\">Telefon zaufania dla os\u00f3b z uzale\u017cnieniami behawioralnymi.<\/span><\/td>\n<td style=\"height: 62px;\"><span style=\"font-family: arial, helvetica, sans-serif;\">Codziennie 17:00\u201322:00.<\/span><\/td>\n<\/tr>\n<\/tbody>\n<\/table>\n<p><span style=\"font-family: arial, helvetica, sans-serif;\"><strong>&nbsp;<\/strong><\/span><\/p>\n<p><span style=\"color: #333399; font-family: arial, helvetica, sans-serif;\"><strong>Czaty dla os\u00f3b doros\u0142ych w kryzysie<\/strong><\/span><\/p>\n<ul>\n<li><span style=\"font-family: arial, helvetica, sans-serif;\"><a href=\"http:\/\/116sos.pl\"><strong>116sos.pl<\/strong><\/a> \u2013 Czat dla doros\u0142ych w kryzysie emocjonalnym, w tym os\u00f3b do\u015bwiadczaj\u0105cych przemocy.<\/span><\/li>\n<li><span style=\"font-family: arial, helvetica, sans-serif;\"><a href=\"http:\/\/centrumwsparcia.pl\"><strong>centrumwsparcia.pl<\/strong><\/a> \u2013 Czat i telefoniczne centrum wsparcia dla os\u00f3b w stanie kryzysu psychicznego.<\/span><\/li>\n<\/ul>\n<p><span style=\"color: #339966; font-family: arial, helvetica, sans-serif;\"><strong>Numer alarmowy<\/strong><\/span><\/p>\n<p><span style=\"font-family: arial, helvetica, sans-serif;\">Je\u015bli Twoje \u017cycie lub zdrowie jest zagro\u017cone <strong>w tej chwili<\/strong>, albo do\u015bwiadczasz przemocy lub jeste\u015b jej \u015bwiadkiem \u2014 mo\u017cesz zadzwoni\u0107 pod numer alarmowy <strong>112<\/strong>.<\/span>[\/vc_column_text][\/vc_tta_section][\/vc_tta_tabs][\/vc_column][\/vc_row]<\/p>\n<\/div>","protected":false},"excerpt":{"rendered":"<p>[vc_row][vc_column css=&#8221;.vc_custom_1761729140511{background-color: #056839 !important;}&#8221;][vc_tta_tabs][vc_tta_section title=&#8221;Pedagog specjalny&#8221; tab_id=&#8221;1677159232015-b9a77741-ffcd&#8221;][vc_column_text css=&#8221;&#8221;] Pedagog specjalny &nbsp; Zaj\u0119cia z rytmiki oraz bajkoterapii w naszym przedszkolu prowadzi pedagog specjalny, kt\u00f3ry jest tak\u017ce nauczycielem rytmiki i muzykiem. RYTMIKA [&hellip;]<\/p>\n","protected":false},"author":183,"featured_media":0,"parent":0,"menu_order":0,"comment_status":"closed","ping_status":"closed","template":"","meta":{"ngg_post_thumbnail":0,"footnotes":""},"class_list":["post-38644","page","type-page","status-publish","hentry","clearfix"],"_links":{"self":[{"href":"https:\/\/przedszkole61.edu.wroclaw.pl\/index.php\/wp-json\/wp\/v2\/pages\/38644","targetHints":{"allow":["GET"]}}],"collection":[{"href":"https:\/\/przedszkole61.edu.wroclaw.pl\/index.php\/wp-json\/wp\/v2\/pages"}],"about":[{"href":"https:\/\/przedszkole61.edu.wroclaw.pl\/index.php\/wp-json\/wp\/v2\/types\/page"}],"author":[{"embeddable":true,"href":"https:\/\/przedszkole61.edu.wroclaw.pl\/index.php\/wp-json\/wp\/v2\/users\/183"}],"replies":[{"embeddable":true,"href":"https:\/\/przedszkole61.edu.wroclaw.pl\/index.php\/wp-json\/wp\/v2\/comments?post=38644"}],"version-history":[{"count":22,"href":"https:\/\/przedszkole61.edu.wroclaw.pl\/index.php\/wp-json\/wp\/v2\/pages\/38644\/revisions"}],"predecessor-version":[{"id":39421,"href":"https:\/\/przedszkole61.edu.wroclaw.pl\/index.php\/wp-json\/wp\/v2\/pages\/38644\/revisions\/39421"}],"wp:attachment":[{"href":"https:\/\/przedszkole61.edu.wroclaw.pl\/index.php\/wp-json\/wp\/v2\/media?parent=38644"}],"curies":[{"name":"wp","href":"https:\/\/api.w.org\/{rel}","templated":true}]}}