
{"id":724,"date":"2022-05-06T18:23:38","date_gmt":"2022-05-06T18:23:38","guid":{"rendered":"http:\/\/mygame.waw.pl\/home\/mendel17\/domains\/mygame.waw.pl\/public_html\/kiszonki\/?page_id=724"},"modified":"2024-12-24T08:39:35","modified_gmt":"2024-12-24T07:39:35","slug":"galeria","status":"publish","type":"page","link":"https:\/\/przedszkole61.edu.wroclaw.pl\/index.php\/galeria\/","title":{"rendered":"Galeria"},"content":{"rendered":"<div class=\"wpb-content-wrapper\"><p>[vc_row equal_height=&#8221;yes&#8221; content_placement=&#8221;top&#8221; parallax=&#8221;content-moving&#8221;][vc_column parallax=&#8221;content-moving&#8221; parallax_image=&#8221;1486&#8243; css=&#8221;.vc_custom_1655236525382{background-color: rgba(22,22,22,0.6) !important;*background-color: rgb(22,22,22) !important;}&#8221;][vc_custom_heading text=&#8221;Galeria&#8221; font_container=&#8221;tag:h2|font_size:60px|text_align:center|color:%23ffffff|line_height:5&#8243; use_theme_fonts=&#8221;yes&#8221; css_animation=&#8221;fadeIn&#8221;][\/vc_column][\/vc_row][vc_row][vc_column width=&#8221;1\/2&#8243;][vc_column_text css=&#8221;&#8221;]<\/p>\n<h3 style=\"text-align: center\"><span style=\"font-size: 24pt;color: #a75f20\">Fermentowanie na Misiowej Polanie<\/span><span style=\"font-size: 14pt\"><br \/>\n<a href=\"https:\/\/www.facebook.com\/permalink.php?story_fbid=pfbid02pjxWRQG6RRBth8wpUVTLjtmuJGEopyiwsHySgH8Y92CtpWSGdRuyZAyXv2yLidcYl&amp;id=100057052035857&amp;rdid=F6Da00VVs5ND0OBD\" target=\"_blank\" rel=\"noopener\">W grudniu Liski kisi\u0142y buraki<\/a><\/span><\/h3>\n<p>[\/vc_column_text][vc_column_text css=&#8221;&#8221;]<\/p>\n<h3 style=\"text-align: center\"><span style=\"font-size: 24pt;color: #a75f20\">Wrzesie\u0144 2024<\/span><span style=\"font-size: 14pt\"><br \/>\n<a href=\"https:\/\/przedszkole61.edu.wroclaw.pl\/index.php\/2024\/09\/17\/gajowickie-skrzaty-zdrowo-fermentuja-ogorki\/\" target=\"_blank\" rel=\"noopener\">artyk\u0142 z kiszenia og\u00f3rk\u00f3w<\/a><\/span><\/h3>\n<p>[\/vc_column_text][vc_images_carousel images=&#8221;36024,36022,36021,36019,36020,36018&#8243; img_size=&#8221;500&#215;500&#8243; slides_per_view=&#8221;3&#8243; wrap=&#8221;yes&#8221; css_animation=&#8221;none&#8221; css=&#8221;.vc_custom_1728406941067{padding-left: 40px !important;}&#8221;][vc_column_text css=&#8221;&#8221;]<\/p>\n<h3 style=\"text-align: center\"><span style=\"font-size: 24pt;color: #a75f20\">Czerwiec 2024<\/span><span style=\"font-size: 14pt\"><br \/>\n<a href=\"https:\/\/przedszkole61.edu.wroclaw.pl\/index.php\/2024\/07\/18\/gajowickie-skrzaty-zdrowo-fermentuja-pomidory-2\/\" target=\"_blank\" rel=\"noopener\">artyk\u0142 z kiszenia pomidor\u00f3w<\/a><\/span><\/h3>\n<p>[\/vc_column_text][vc_images_carousel images=&#8221;35751,35750,35749&#8243; img_size=&#8221;500&#215;500&#8243; slides_per_view=&#8221;3&#8243; wrap=&#8221;yes&#8221; css_animation=&#8221;none&#8221; css=&#8221;.vc_custom_1728408167152{padding-left: 40px !important;}&#8221;][vc_column_text css=&#8221;&#8221;]<\/p>\n<h3 style=\"text-align: center\"><span style=\"font-size: 24pt;color: #a75f20\">Listopad 2023<\/span><span style=\"font-size: 14pt\"><br \/>\n<a href=\"https:\/\/przedszkole61.edu.wroclaw.pl\/index.php\/2023\/11\/21\/gajowickie-skrzaty-zdrowo-fermentuja-buraki-2\/\" target=\"_blank\" rel=\"noopener\">artyk\u0142 z kiszenia burak\u00f3w<\/a><\/span><\/h3>\n<p>[\/vc_column_text][vc_images_carousel images=&#8221;34241,34240,34238&#8243; img_size=&#8221;500&#215;500&#8243; slides_per_view=&#8221;3&#8243; wrap=&#8221;yes&#8221; css_animation=&#8221;none&#8221; css=&#8221;.vc_custom_1728408839008{padding-left: 40px !important;}&#8221;][vc_column_text css=&#8221;&#8221;]<\/p>\n<h3 style=\"text-align: center\"><span style=\"font-size: 24pt;color: #a75f20\">Wrzesie\u0144 2023\u00a0<\/span><span style=\"font-size: 14pt\"><br \/>\n<a href=\"https:\/\/przedszkole61.edu.wroclaw.pl\/index.php\/2023\/09\/19\/gajowickie-skrzaty-zdrowo-fermentuja-z-udzialem-goscia-honorowego-prezydenta-wroclawia-pana-jacka-sutryka\/\" target=\"_blank\" rel=\"noopener\">artyk\u0142 z kiszenia og\u00f3rk\u00f3w z Panem Prezydentem<\/a><\/span><\/h3>\n<p>[\/vc_column_text][vc_images_carousel images=&#8221;33429,33403,33404,33408&#8243; img_size=&#8221;500&#215;500&#8243; slides_per_view=&#8221;3&#8243; wrap=&#8221;yes&#8221; css_animation=&#8221;none&#8221; css=&#8221;.vc_custom_1728409362893{padding-left: 40px !important;}&#8221;][vc_column_text]<\/p>\n<h3 style=\"text-align: center\"><span style=\"font-size: 24pt;color: #a75f20\">Fermentowanie w SP 76<\/span><span style=\"font-size: 14pt\"><br \/>\nw ramach dzia\u0142a\u0144 &#8222;Rok Dobrych Relacji&#8221;<\/span><\/h3>\n<p>[\/vc_column_text][vc_images_carousel images=&#8221;30804,30803,30802,30800,30799,30797,30790,30789,30788,30786,30784,30783,30782&#8243; img_size=&#8221;500&#215;500&#8243; slides_per_view=&#8221;3&#8243; wrap=&#8221;yes&#8221; css_animation=&#8221;none&#8221; css=&#8221;.vc_custom_1728406175656{padding-left: 40px !important;}&#8221;][vc_column_text]<\/p>\n<h3 style=\"text-align: center\"><span style=\"font-size: 24pt;color: #a75f20\">Fermentowanie na Misiowej Polanie<\/span><span style=\"font-size: 14pt\"><br \/>\n<a href=\"https:\/\/przedszkole104.edu.wroclaw.pl\/index.php\/2022\/09\/28\/fermentowanie-na-misiowej-polanie\/\" target=\"_blank\" rel=\"noopener\">fotorelacja z dnia kiszenia og\u00f3rk\u00f3w<\/a><br \/>\n<\/span><\/h3>\n<p>[\/vc_column_text][vc_images_carousel images=&#8221;30324,30328,30325,30327,30326&#8243; img_size=&#8221;500&#215;500&#8243; slides_per_view=&#8221;3&#8243; wrap=&#8221;yes&#8221; css_animation=&#8221;none&#8221; css=&#8221;.vc_custom_1728406258466{padding-left: 40px !important;}&#8221;][vc_column_text]<\/p>\n<h3 style=\"text-align: center\"><span style=\"font-size: 24pt;color: #a75f20\">Czerwiec<\/span><span style=\"font-size: 14pt\"><br \/>\n<a href=\"https:\/\/przedszkole61.edu.wroclaw.pl\/index.php\/2022\/06\/13\/gajowickie-skrzaty-zdrowo-fermentuja-pora-na-kalafiora\/\" target=\"_blank\" rel=\"noopener\">artyku\u0142 z dnia kiszenia kalafiora<\/a><br \/>\n<\/span><\/h3>\n<p>[\/vc_column_text][vc_images_carousel images=&#8221;29704,29703,29702,29701,29700,29699,29698,29697,29696&#8243; img_size=&#8221;500&#215;500&#8243; speed=&#8221;&#8221; slides_per_view=&#8221;3&#8243; wrap=&#8221;yes&#8221; css_animation=&#8221;none&#8221; css=&#8221;.vc_custom_1728406443789{padding-left: 40px !important;}&#8221;][vc_column_text]<\/p>\n<h3 style=\"text-align: center\"><span style=\"font-size: 24pt;color: #a75f20\">Kwiecie\u0144<\/span><span style=\"font-size: 14pt\"><br \/>\n<a href=\"\/index.php\/2022\/04\/19\/gajowickie-skrzaty-zdrowo-fermentuja-7\/\">artyku\u0142 z dnia kiszenia pomidor\u00f3w<\/a><br \/>\n<\/span><\/h3>\n<p>[\/vc_column_text][vc_images_carousel images=&#8221;29303,28536,28535,28533,28531,28530,28529&#8243; img_size=&#8221;500&#215;500&#8243; slides_per_view=&#8221;3&#8243; autoplay=&#8221;yes&#8221; wrap=&#8221;yes&#8221; css_animation=&#8221;none&#8221; css=&#8221;.vc_custom_1654867660352{padding-left: 40px !important;}&#8221;][vc_column_text]<\/p>\n<h3 style=\"text-align: center\"><span style=\"font-size: 24pt;color: #a75f20\">Luty<\/span><span style=\"font-size: 14pt\"><br \/>\n<a href=\"\/index.php\/2022\/02\/15\/gajowickie-skrzaty-zdrowo-fermentuja-5\/\">artyku\u0142 z dnia kiszenia cytryn<\/a><br \/>\n<\/span><\/h3>\n<p>[\/vc_column_text][vc_images_carousel images=&#8221;29490,27865,27867,27869,27870,27875&#8243; img_size=&#8221;500&#215;500&#8243; slides_per_view=&#8221;3&#8243; autoplay=&#8221;yes&#8221; wrap=&#8221;yes&#8221; css_animation=&#8221;none&#8221; css=&#8221;.vc_custom_1654867832416{padding-left: 40px !important;}&#8221;][vc_column_text]<\/p>\n<h3 style=\"text-align: center\"><span style=\"font-size: 24pt;color: #a75f20\">Grudzie\u0144<\/span><span style=\"font-size: 14pt\"><br \/>\n<a href=\"https:\/\/przedszkole61.edu.wroclaw.pl\/index.php\/2021\/12\/21\/gajowickie-skrzaty-zdrowo-fermentuja-2\/\">artyku\u0142 z dnia kiszenia banan\u00f3w<\/a><br \/>\n<\/span><\/h3>\n<p>[\/vc_column_text][vc_images_carousel images=&#8221;27262,27261,27260,27259,27256&#8243; img_size=&#8221;500&#215;500&#8243; slides_per_view=&#8221;3&#8243; autoplay=&#8221;yes&#8221; wrap=&#8221;yes&#8221; css_animation=&#8221;none&#8221; css=&#8221;.vc_custom_1654867902730{padding-left: 40px !important;}&#8221;][vc_column_text]<\/p>\n<h3 style=\"text-align: center\"><span style=\"font-size: 24pt;color: #a75f20\">Pa\u017adziernik<\/span><span style=\"font-size: 14pt\"><br \/>\n<a href=\"\/index.php\/2021\/10\/19\/gajowickie-skrzaty-zdrowo-fermentuja-kapusta\/\">artyku\u0142 z dnia kiszenia kapusty peki\u0144skiej<\/a><br \/>\n<\/span><\/h3>\n<p>[\/vc_column_text][vc_images_carousel images=&#8221;29497,29498,29499,29500&#8243; img_size=&#8221;500&#215;500&#8243; slides_per_view=&#8221;3&#8243; autoplay=&#8221;yes&#8221; wrap=&#8221;yes&#8221; css_animation=&#8221;none&#8221; css=&#8221;.vc_custom_1654533292269{padding-left: 40px !important;}&#8221;][\/vc_column][vc_column width=&#8221;1\/2&#8243;][vc_column_text css=&#8221;&#8221;]<\/p>\n<h3 style=\"text-align: center\"><span style=\"font-size: 24pt;color: #a75f20\">Grudzie\u0144<\/span><\/h3>\n<h3 style=\"text-align: center\"><span style=\"font-size: 14pt\"><a href=\"https:\/\/przedszkole61.edu.wroclaw.pl\/index.php\/2024\/12\/17\/gajowickie-skrzaty-zdrowo-fermentuja-skorki-od-bananow-2\/\" target=\"_blank\" rel=\"noopener\">artyku\u0142 z kiszenia banan\u00f3w<\/a><br \/>\n<\/span><\/h3>\n<p>[\/vc_column_text][vc_images_carousel images=&#8221;36630,36631,36635&#8243; img_size=&#8221;500&#215;500&#8243; slides_per_view=&#8221;3&#8243; wrap=&#8221;yes&#8221; css_animation=&#8221;none&#8221; css=&#8221;.vc_custom_1735025971606{padding-left: 40px !important;}&#8221;][vc_column_text css=&#8221;&#8221;]<\/p>\n<h3 style=\"text-align: center\"><span style=\"font-size: 24pt;color: #a75f20\">Listopad<\/span><\/h3>\n<h3 style=\"text-align: center\"><span style=\"font-size: 14pt\"><a href=\"https:\/\/przedszkole61.edu.wroclaw.pl\/index.php\/2024\/11\/19\/gajowickie-skrzaty-zdrowo-fermentuja-buraki-3\/\" target=\"_blank\" rel=\"noopener\">artyku\u0142 z kiszenia burak\u00f3w<\/a><br \/>\n<\/span><\/h3>\n<p>[\/vc_column_text][vc_images_carousel images=&#8221;36414,36413,36412&#8243; img_size=&#8221;500&#215;500&#8243; slides_per_view=&#8221;3&#8243; wrap=&#8221;yes&#8221; css_animation=&#8221;none&#8221; css=&#8221;.vc_custom_1735025788750{padding-left: 40px !important;}&#8221;][vc_column_text css=&#8221;&#8221;]<\/p>\n<h3 style=\"text-align: center\"><span style=\"font-size: 24pt;color: #a75f20\">Fermentowanie na Misiowej Polanie 2024<\/span><span style=\"font-size: 14pt\"><br \/>\nWe wrzeniu 3-latki z grupy Liski kisi\u0142y kapust\u0119 peki\u0144sk\u0105.<\/span><\/h3>\n<p>[\/vc_column_text][vc_images_carousel images=&#8221;36146,36145,36144&#8243; img_size=&#8221;500&#215;500&#8243; slides_per_view=&#8221;3&#8243; wrap=&#8221;yes&#8221; css_animation=&#8221;none&#8221; css=&#8221;.vc_custom_1728407954571{padding-left: 40px !important;}&#8221;][vc_column_text css=&#8221;&#8221;]<\/p>\n<h3 style=\"text-align: center\"><span style=\"font-size: 24pt;color: #a75f20\">Grudzie\u0144 2023\u00a0<\/span><span style=\"font-size: 14pt\"><br \/>\n<a href=\"https:\/\/przedszkole61.edu.wroclaw.pl\/index.php\/2023\/12\/12\/gajowickie-skrzaty-zdrowo-fermentuja-banany\/\" target=\"_blank\" rel=\"noopener\">artyk\u0142 z kiszenia banan\u00f3w<\/a><\/span><\/h3>\n<p>[\/vc_column_text][vc_images_carousel images=&#8221;34355,34353,34356&#8243; img_size=&#8221;500&#215;500&#8243; slides_per_view=&#8221;3&#8243; wrap=&#8221;yes&#8221; css_animation=&#8221;none&#8221; css=&#8221;.vc_custom_1728408468092{padding-left: 40px !important;}&#8221;][vc_column_text css=&#8221;&#8221;]<\/p>\n<h3 style=\"text-align: center\"><span style=\"font-size: 24pt;color: #a75f20\">Pa\u017adziernik 2023<\/span><span style=\"font-size: 14pt\"><br \/>\n<a href=\"https:\/\/przedszkole61.edu.wroclaw.pl\/index.php\/2023\/10\/04\/gajowickie-skrzaty-zdrowo-fermentuja-zdrowa-misja\/\" target=\"_blank\" rel=\"noopener\">artyk\u0142 z kiszenia kapusty peki\u0144skiej<\/a><\/span><\/h3>\n<p>[\/vc_column_text][vc_images_carousel images=&#8221;33619,33618,33616,33613&#8243; img_size=&#8221;500&#215;500&#8243; slides_per_view=&#8221;3&#8243; wrap=&#8221;yes&#8221; css_animation=&#8221;none&#8221; css=&#8221;.vc_custom_1728409123347{padding-left: 40px !important;}&#8221;][vc_column_text]<\/p>\n<h3 style=\"text-align: center\"><span style=\"font-size: 24pt;color: #a75f20\">Fermentowanie na Misiowej Polanie<\/span><span style=\"font-size: 14pt\"><br \/>\n<a href=\"https:\/\/przedszkole104.edu.wroclaw.pl\/index.php\/2022\/10\/19\/wroclawskie-przedszkolaki-zdrowo-fermentuja\/\" target=\"_blank\" rel=\"noopener\">fotorelacja z dnia kiszenia kapusty peki\u0144skiej<\/a><\/span><\/h3>\n<p>[\/vc_column_text][vc_images_carousel images=&#8221;30526,30525,30524&#8243; img_size=&#8221;500&#215;500&#8243; slides_per_view=&#8221;3&#8243; wrap=&#8221;yes&#8221; css_animation=&#8221;none&#8221; css=&#8221;.vc_custom_1728406275387{padding-left: 40px !important;}&#8221;][vc_column_text]<\/p>\n<h3 style=\"text-align: center\"><span style=\"font-size: 24pt;color: #a75f20\">Maj<\/span><span style=\"font-size: 14pt\"><br \/>\n<a href=\"https:\/\/przedszkole61.edu.wroclaw.pl\/index.php\/2022\/05\/17\/gajowickie-skrzaty-zdrowo-fermentuja-rzodkiewki\/\" target=\"_blank\" rel=\"noopener\">artyku\u0142 z dnia kiszenia rzodkiewek<\/a><br \/>\n<\/span><\/h3>\n<p>[\/vc_column_text][vc_images_carousel images=&#8221;28917,28916,28920,28914,28921&#8243; img_size=&#8221;500&#215;500&#8243; slides_per_view=&#8221;3&#8243; autoplay=&#8221;yes&#8221; wrap=&#8221;yes&#8221; css_animation=&#8221;none&#8221; css=&#8221;.vc_custom_1656143458023{padding-left: 40px !important;}&#8221;][vc_column_text]<\/p>\n<h3 style=\"text-align: center\"><span style=\"font-size: 24pt;color: #a75f20\">Marzec<\/span><span style=\"font-size: 14pt\"><br \/>\n<a href=\"https:\/\/przedszkole61.edu.wroclaw.pl\/index.php\/2022\/03\/15\/gajowickie-skrzaty-zdrowo-fermentuja-6\/\">artyku\u0142 z dnia kiszenia jab\u0142ek<\/a><br \/>\n<\/span><\/h3>\n<p>[\/vc_column_text][vc_images_carousel images=&#8221;29485,29486,29487,29488,29489,29481&#8243; img_size=&#8221;500&#215;500&#8243; slides_per_view=&#8221;3&#8243; autoplay=&#8221;yes&#8221; wrap=&#8221;yes&#8221; css_animation=&#8221;none&#8221; css=&#8221;.vc_custom_1654868193001{padding-left: 40px !important;}&#8221;][vc_column_text]<\/p>\n<h3 style=\"text-align: center\"><span style=\"font-size: 24pt;color: #a75f20\">Stycze\u0144<\/span><span style=\"font-size: 14pt\"><br \/>\n<a href=\"\/index.php\/2022\/01\/18\/gajowickie-skrzaty-zdrowo-fermentuja-4\/\">artyku\u0142 z dnia kiszenia marchewki<\/a><br \/>\n<\/span><\/h3>\n<p>[\/vc_column_text][vc_images_carousel images=&#8221;29491,29492,29493,29494,29495,29496&#8243; img_size=&#8221;500&#215;500&#8243; slides_per_view=&#8221;3&#8243; autoplay=&#8221;yes&#8221; wrap=&#8221;yes&#8221; css_animation=&#8221;none&#8221; css=&#8221;.vc_custom_1654533273849{padding-left: 40px !important;}&#8221;][vc_column_text]<\/p>\n<h3 style=\"text-align: center\"><span style=\"font-size: 24pt;color: #a75f20\">Listopad<\/span><span style=\"font-size: 14pt\"><br \/>\n<a href=\"\/index.php\/2021\/11\/16\/gajowickie-skrzaty-zdrowo-fermentuja-3\/\">artyku\u0142 z dnia kiszenia burak\u00f3w<\/a><br \/>\n<\/span><\/h3>\n<p>[\/vc_column_text][vc_images_carousel images=&#8221;26617,26616,26615,26614,26613,26612,26611,26610,26609,26608,26605,26604,26603,26602,26601,26600,26599,26598,26597,26596,26591,26592,26595&#8243; img_size=&#8221;500&#215;500&#8243; slides_per_view=&#8221;3&#8243; autoplay=&#8221;yes&#8221; wrap=&#8221;yes&#8221; css_animation=&#8221;none&#8221; css=&#8221;.vc_custom_1654868085135{padding-left: 40px !important;}&#8221;][vc_column_text]<\/p>\n<h3 style=\"text-align: center\"><span style=\"font-size: 24pt;color: #a75f20\">Wrzesie\u0144<\/span><span style=\"font-size: 14pt\"><br \/>\n<a href=\"\/index.php\/2021\/09\/23\/gajowickie-skrzaty-zdrowo-fermentuja\/\">artyku\u0142 z dnia kiszenia og\u00f3rk\u00f3w<\/a><br \/>\n<\/span><\/h3>\n<p>[\/vc_column_text][vc_images_carousel images=&#8221;29474,29475,29476,29477,29478,29479&#8243; img_size=&#8221;500&#215;500&#8243; slides_per_view=&#8221;3&#8243; autoplay=&#8221;yes&#8221; wrap=&#8221;yes&#8221; css_animation=&#8221;none&#8221; css=&#8221;.vc_custom_1654533152433{padding-left: 40px !important;}&#8221;][\/vc_column][\/vc_row]<\/p>\n<\/div>","protected":false},"excerpt":{"rendered":"<p>[vc_row equal_height=&#8221;yes&#8221; content_placement=&#8221;top&#8221; parallax=&#8221;content-moving&#8221;][vc_column parallax=&#8221;content-moving&#8221; parallax_image=&#8221;1486&#8243; css=&#8221;.vc_custom_1655236525382{background-color: rgba(22,22,22,0.6) !important;*background-color: rgb(22,22,22) !important;}&#8221;][vc_custom_heading text=&#8221;Galeria&#8221; font_container=&#8221;tag:h2|font_size:60px|text_align:center|color:%23ffffff|line_height:5&#8243; use_theme_fonts=&#8221;yes&#8221; css_animation=&#8221;fadeIn&#8221;][\/vc_column][\/vc_row][vc_row][vc_column width=&#8221;1\/2&#8243;][vc_column_text css=&#8221;&#8221;] Fermentowanie na Misiowej Polanie W grudniu Liski kisi\u0142y buraki [\/vc_column_text][vc_column_text css=&#8221;&#8221;] Wrzesie\u0144 2024 [&hellip;]<\/p>\n","protected":false},"author":299,"featured_media":0,"parent":0,"menu_order":0,"comment_status":"closed","ping_status":"closed","template":"","meta":{"ngg_post_thumbnail":0,"footnotes":""},"class_list":["post-724","page","type-page","status-publish","hentry","clearfix"],"_links":{"self":[{"href":"https:\/\/przedszkole61.edu.wroclaw.pl\/index.php\/wp-json\/wp\/v2\/pages\/724","targetHints":{"allow":["GET"]}}],"collection":[{"href":"https:\/\/przedszkole61.edu.wroclaw.pl\/index.php\/wp-json\/wp\/v2\/pages"}],"about":[{"href":"https:\/\/przedszkole61.edu.wroclaw.pl\/index.php\/wp-json\/wp\/v2\/types\/page"}],"author":[{"embeddable":true,"href":"https:\/\/przedszkole61.edu.wroclaw.pl\/index.php\/wp-json\/wp\/v2\/users\/299"}],"replies":[{"embeddable":true,"href":"https:\/\/przedszkole61.edu.wroclaw.pl\/index.php\/wp-json\/wp\/v2\/comments?post=724"}],"version-history":[{"count":55,"href":"https:\/\/przedszkole61.edu.wroclaw.pl\/index.php\/wp-json\/wp\/v2\/pages\/724\/revisions"}],"predecessor-version":[{"id":36723,"href":"https:\/\/przedszkole61.edu.wroclaw.pl\/index.php\/wp-json\/wp\/v2\/pages\/724\/revisions\/36723"}],"wp:attachment":[{"href":"https:\/\/przedszkole61.edu.wroclaw.pl\/index.php\/wp-json\/wp\/v2\/media?parent=724"}],"curies":[{"name":"wp","href":"https:\/\/api.w.org\/{rel}","templated":true}]}}