
{"id":893,"date":"2022-05-07T09:39:59","date_gmt":"2022-05-07T09:39:59","guid":{"rendered":"http:\/\/mygame.waw.pl\/home\/mendel17\/domains\/mygame.waw.pl\/public_html\/kiszonki\/?page_id=893"},"modified":"2022-10-17T21:21:41","modified_gmt":"2022-10-17T19:21:41","slug":"o-projekcie","status":"publish","type":"page","link":"https:\/\/przedszkole61.edu.wroclaw.pl\/index.php\/o-projekcie\/","title":{"rendered":"O projekcie"},"content":{"rendered":"<div class=\"wpb-content-wrapper\"><p>[vc_row equal_height=&#8221;yes&#8221; content_placement=&#8221;top&#8221; parallax=&#8221;content-moving&#8221;][vc_column parallax=&#8221;content-moving&#8221; parallax_image=&#8221;29134&#8243; css=&#8221;.vc_custom_1653978870580{background-color: rgba(22,22,22,0.6) !important;*background-color: rgb(22,22,22) !important;}&#8221;][vc_custom_heading text=&#8221;O projekcie&#8221; font_container=&#8221;tag:h2|font_size:60px|text_align:center|color:%23ffffff|line_height:5&#8243; use_theme_fonts=&#8221;yes&#8221; css_animation=&#8221;fadeIn&#8221;][\/vc_column][\/vc_row][vc_row][vc_column width=&#8221;2\/3&#8243;][vc_column_text][\/vc_column_text][vc_empty_space][vc_empty_space][vc_empty_space][vc_column_text]<span style=\"font-size: 18pt\">Projekt <em>Wroc\u0142awskie przedszkolaki zdrowo fermentuj\u0105<\/em>\u00a0powsta\u0142 na bazie projektu <em>Gajowickie Skrzaty Zdrowo Fermentuj\u0105, <\/em>kt\u00f3ry realizowany by\u0142 w gr. 0 w Przedszkolu nr 61 Gajowickie Skrzaty we Wroc\u0142awiu\u00a0i dedykowany jest dla dzieci sze\u015bcioletnich z wroc\u0142awskich przedszkoli.<\/span><\/p>\n<p><span style=\"font-size: 18pt\"><strong>G\u0142\u00f3wny cel:<\/strong> Rozwijanie wiedzy z zakresu zdrowego \u017cywienia z wykorzystaniem procesu fermentacji warzyw i owoc\u00f3w.<\/span>[\/vc_column_text][\/vc_column][vc_column width=&#8221;1\/3&#8243;][vc_column_text]<img loading=\"lazy\" decoding=\"async\" class=\"wp-image-29131 alignright\" src=\"https:\/\/przedszkole61.edu.wroclaw.pl\/wp-content\/uploads\/sites\/58\/2022\/05\/3-e1651950714451-2-225x300.jpg\" alt=\"\" width=\"360\" height=\"479\" srcset=\"https:\/\/przedszkole61.edu.wroclaw.pl\/wp-content\/uploads\/sites\/58\/2022\/05\/3-e1651950714451-2-225x300.jpg 225w, https:\/\/przedszkole61.edu.wroclaw.pl\/wp-content\/uploads\/sites\/58\/2022\/05\/3-e1651950714451-2-600x799.jpg 600w, https:\/\/przedszkole61.edu.wroclaw.pl\/wp-content\/uploads\/sites\/58\/2022\/05\/3-e1651950714451-2.jpg 676w\" sizes=\"auto, (max-width: 360px) 100vw, 360px\" \/>[\/vc_column_text][\/vc_column][\/vc_row][vc_row][vc_column][vc_column_text]<\/p>\n<h2 style=\"text-align: center\"><span style=\"font-size: 24pt;color: #a75f20\">Jak to si\u0119 zacz\u0119\u0142o&#8230;<\/span><\/h2>\n<p><span style=\"font-size: 14pt\">M\u00f3wi si\u0119, \u017ce\u00a0<em>kuchnia \u0142\u0105czy pokolenia, j<\/em>ednak dla nas has\u0142em przewodnim jest:<\/span><\/p>\n<p><span style=\"font-size: 14pt\"><em><strong>Zdrowie nie jest <\/strong><\/em><em><strong>wszystkim, ale wszystko bez zdrowia jest niczym<\/strong><\/em>.<\/span><\/p>\n<p><span style=\"font-size: 14pt\">Pocz\u0105tek tej historii mia\u0142 miejsce w samym sercu Parku Po\u0142udniowego we Wroc\u0142awiu w rodzinnej restauracji AGAWA. To w\u0142a\u015bnie tam spotka\u0142y si\u0119 trzy wyj\u0105tkowe osoby: Joanna Jandy \u2013 Dyrektor Przedszkola nr 61 <i>Gajowickie Skrzaty<\/i>, Alicja Furowicz \u2013 kelnerka reastauracji AGAWA oraz Arkadiusz Dziakowski \u2013 szef kuchni w restauracji AGAWA.<\/span><\/p>\n<p><span style=\"font-size: 14pt\">We wspania\u0142ej AGAWIE pozna\u0142y\u015bmy smak pysznych i zdrowych kiszonych warzyw oraz owoc\u00f3w, przygotowanych przez samego <em>kr\u00f3la fermentacji<\/em> Arkadiusza Dziakowskiego. Jego autorskie przepisy i wiedza, kt\u00f3r\u0105 w tym zakresie posiada, a tak\u017ce wielka pasja oraz niepowtarzalny smak tych produkt\u00f3w, przyczyni\u0142y si\u0119 do tego, \u017ce obie bra\u0142y\u015bmy udzia\u0142 w warsztatach prowadzonych przez samego mistrza. Dzi\u0119ki temu, \u017ce nasze drogi ponownie si\u0119 zesz\u0142y w Przedszkolu nr 61, wpad\u0142y\u015bmy na pomys\u0142, aby t\u0119 zdrow\u0105 tradycj\u0119 przekaza\u0107 dalej. To, \u017ce nasze przedszkole promuje zdrowe \u017cywienie u dzieci i uczy ich dobrych nawyk\u00f3w \u017cywieniowych \u2013 tylko nam w tym pomog\u0142o. Fakt posiadania <i>certyfikatu zdrowego \u017cywienia<\/i> zobowi\u0105zuje!<\/span><\/p>\n<p><span style=\"font-size: 14pt\">Dzieci jedz\u0105 u nas zdrowo, a my przywi\u0105zujemy szczeg\u00f3ln\u0105 uwag\u0119 do jako\u015bci sk\u0142adnik\u00f3w. Jak wiadomo, dzieci szybko si\u0119 ucz\u0105, a nast\u0119pnie swoj\u0105 wiedz\u0105 dziel\u0105 si\u0119 z rodzicami i dziadkami. A najlepsza nauka jest poprzez zabaw\u0119, u nas tak zwan\u0105<i> kulinarn\u0105 przepraw\u0119<\/i>! Dzieci wci\u0105\u017c czekaj\u0105 na nowe atrakcje, u nas s\u0105 to przecie\u017c<i> zdrowe fermentacje<\/i>!<\/span>[\/vc_column_text][\/vc_column][\/vc_row][vc_row][vc_column width=&#8221;1\/4&#8243;][vc_empty_space][vc_empty_space][vc_column_text]<img loading=\"lazy\" decoding=\"async\" class=\"alignnone wp-image-29130\" src=\"https:\/\/przedszkole61.edu.wroclaw.pl\/wp-content\/uploads\/sites\/58\/2022\/05\/6-5-225x300.jpg\" alt=\"\" width=\"360\" height=\"479\" srcset=\"https:\/\/przedszkole61.edu.wroclaw.pl\/wp-content\/uploads\/sites\/58\/2022\/05\/6-5-225x300.jpg 225w, https:\/\/przedszkole61.edu.wroclaw.pl\/wp-content\/uploads\/sites\/58\/2022\/05\/6-5-600x799.jpg 600w, https:\/\/przedszkole61.edu.wroclaw.pl\/wp-content\/uploads\/sites\/58\/2022\/05\/6-5.jpg 676w\" sizes=\"auto, (max-width: 360px) 100vw, 360px\" \/>[\/vc_column_text][\/vc_column][vc_column width=&#8221;3\/4&#8243;][vc_column_text]<\/p>\n<h2 style=\"text-align: center\"><span style=\"font-size: 24pt\"><span style=\"color: #a75f20\">Pocz\u0105tki projektu<\/span><br \/>\n<\/span><\/h2>\n<p><span style=\"font-size: 14pt\">W roku szkolnym 2021\/ 2022 w Przedszkolu nr 61 <em><strong>Gajowickie Skrzaty<\/strong><\/em> we Wroc\u0142awiu, w grupie <em>0<\/em> realizowany by\u0142 projekt edukacyjny: <strong><em>Gajowickie Skrzaty zdrowo fermentuj\u0105<\/em><\/strong>: Projekt zawiera cykl warsztat\u00f3w obejmuj\u0105cych 10 zaj\u0119\u0107, kt\u00f3re s\u0105 przeprowadzane 1 raz w miesi\u0105cu, w roku szkolnym 2021\/2022. Wiek uczestnik\u00f3w: 6-7 lat (grupa zer\u00f3wkowa).<\/span><\/p>\n<p><span style=\"font-size: 14pt\">Nasze przedszkole promuje zdrowe \u017cywienie u dzieci i uczy ich dobrych nawyk\u00f3w \u017cywieniowych. Dla nas to za ma\u0142o \u2013 my poszli\u015bmy krok dalej. Dzieci razem z nami kisz\u0105 warzywa i owoce, bo my wiemy, \u017ce nauka poprzez zabaw\u0119 jest najbardziej owocna. Dzie\u0144 warsztat\u00f3w jest dla dzieci ogromnym wydarzeniem, one ciesz\u0105 si\u0119, \u017ce mog\u0105 co\u015b samodzielnie zrobi\u0107, a swoje kiszonki zabieraj\u0105 do domu. Na pocz\u0105tku wykonywane by\u0142y tylko zdj\u0119cia, dzi\u015b z zaj\u0119\u0107 nagrywamy filmiki, kt\u00f3re ciesz\u0105 si\u0119 du\u017c\u0105 ogl\u0105dalno\u015bci\u0105. Projekt jest wsp\u00f3\u0142finansowany przez rodzic\u00f3w dzieci uczestnicz\u0105cych w zaj\u0119ciach.<\/span>[\/vc_column_text][\/vc_column][\/vc_row][vc_row][vc_column][vc_column_text]<\/p>\n<h2 style=\"text-align: center\"><span style=\"font-size: 24pt;color: #a75f20\">Realizatorzy projektu:<\/span><\/h2>\n<h3><span style=\"color: #ff0000\">2022\/2023:<\/span><\/h3>\n<ul>\n<li><a href=\"https:\/\/przedszkole104.edu.wroclaw.pl\/wp-admin\/post.php?post=18&amp;action=edit\" target=\"_blank\" rel=\"noopener\">Przedszkole nr 104 &#8222;Na Misiowej Polanie&#8221;;<\/a><\/li>\n<li><a href=\"https:\/\/przedszkole52.edu.wroclaw.pl\/index.php\/2022\/09\/27\/1696\/\" target=\"_blank\" rel=\"noopener\">Przedszkole nr 52 Go\u0142\u0105bki Pocztowe;<\/a><\/li>\n<\/ul>\n<p>[\/vc_column_text][\/vc_column][\/vc_row][vc_row][vc_column][vc_column_text]<\/p>\n<h2 style=\"text-align: center\"><span style=\"font-size: 24pt;color: #a75f20\">Projekty edukacyjne<\/span><\/h2>\n<p>[\/vc_column_text][\/vc_column][\/vc_row][vc_row equal_height=&#8221;yes&#8221; css=&#8221;.vc_custom_1653652637525{background-position: center !important;background-repeat: no-repeat !important;background-size: cover !important;}&#8221;][vc_column parallax=&#8221;content-moving&#8221; parallax_image=&#8221;29135&#8243; width=&#8221;1\/2&#8243; css=&#8221;.vc_custom_1653652093952{padding-top: 100px !important;padding-bottom: 100px !important;background-color: rgba(22,22,22,0.6) !important;*background-color: rgb(22,22,22) !important;}&#8221;][vc_custom_heading text=&#8221;Gajowickie<br \/>\nskrzaty<br \/>\nzdrowo fermentuj\u0105&#8221; font_container=&#8221;tag:h2|font_size:24|text_align:center|color:%23ffffff|line_height:30px%3B&#8221; use_theme_fonts=&#8221;yes&#8221; css_animation=&#8221;zoomIn&#8221;][vc_btn title=&#8221;Pobierz&#8221; style=&#8221;3d&#8221; shape=&#8221;round&#8221; color=&#8221;warning&#8221; align=&#8221;center&#8221; css_animation=&#8221;fadeIn&#8221; link=&#8221;url:https%3A%2F%2Fprzedszkole61.edu.wroclaw.pl%2Fwp-content%2Fuploads%2Fsites%2F58%2F2022%2F06%2FProjekt-edukacyjny-Gajowickie-Skrzaty-zdrowo-fermentuja.docx|title:Wi%C4%99cej%20o%20projekcie&#8221;][\/vc_column][vc_column parallax=&#8221;content-moving&#8221; parallax_image=&#8221;29133&#8243; width=&#8221;1\/2&#8243; css=&#8221;.vc_custom_1653652059104{padding-top: 100px !important;padding-bottom: 100px !important;background-color: rgba(22,22,22,0.6) !important;*background-color: rgb(22,22,22) !important;}&#8221;][vc_custom_heading text=&#8221;Wroc\u0142awskie<br \/>\nprzedszkolaki<br \/>\nzdrowo fermentuj\u0105&#8221; font_container=&#8221;tag:h2|font_size:24|text_align:center|color:%23ffffff|line_height:30px&#8221; use_theme_fonts=&#8221;yes&#8221; css_animation=&#8221;zoomIn&#8221;][vc_btn title=&#8221;Pobierz&#8221; style=&#8221;3d&#8221; shape=&#8221;round&#8221; color=&#8221;warning&#8221; align=&#8221;center&#8221; css_animation=&#8221;fadeIn&#8221; link=&#8221;url:https%3A%2F%2Fprzedszkole61.edu.wroclaw.pl%2Fwp-content%2Fuploads%2Fsites%2F58%2F2022%2F06%2FProjekt-edukacyjny-wroclawskie-dzieci-zdrowo-fermentuja.docx|title:Wi%C4%99cej%20o%20projekcie&#8221;][\/vc_column][\/vc_row]<\/p>\n<\/div>","protected":false},"excerpt":{"rendered":"<p>[vc_row equal_height=&#8221;yes&#8221; content_placement=&#8221;top&#8221; parallax=&#8221;content-moving&#8221;][vc_column parallax=&#8221;content-moving&#8221; parallax_image=&#8221;29134&#8243; css=&#8221;.vc_custom_1653978870580{background-color: rgba(22,22,22,0.6) !important;*background-color: rgb(22,22,22) !important;}&#8221;][vc_custom_heading text=&#8221;O projekcie&#8221; font_container=&#8221;tag:h2|font_size:60px|text_align:center|color:%23ffffff|line_height:5&#8243; use_theme_fonts=&#8221;yes&#8221; css_animation=&#8221;fadeIn&#8221;][\/vc_column][\/vc_row][vc_row][vc_column width=&#8221;2\/3&#8243;][vc_column_text][\/vc_column_text][vc_empty_space][vc_empty_space][vc_empty_space][vc_column_text]Projekt Wroc\u0142awskie przedszkolaki zdrowo fermentuj\u0105\u00a0powsta\u0142 na bazie projektu Gajowickie Skrzaty Zdrowo Fermentuj\u0105, kt\u00f3ry realizowany [&hellip;]<\/p>\n","protected":false},"author":299,"featured_media":0,"parent":0,"menu_order":0,"comment_status":"closed","ping_status":"closed","template":"","meta":{"ngg_post_thumbnail":0,"footnotes":""},"class_list":["post-893","page","type-page","status-publish","hentry","clearfix"],"_links":{"self":[{"href":"https:\/\/przedszkole61.edu.wroclaw.pl\/index.php\/wp-json\/wp\/v2\/pages\/893","targetHints":{"allow":["GET"]}}],"collection":[{"href":"https:\/\/przedszkole61.edu.wroclaw.pl\/index.php\/wp-json\/wp\/v2\/pages"}],"about":[{"href":"https:\/\/przedszkole61.edu.wroclaw.pl\/index.php\/wp-json\/wp\/v2\/types\/page"}],"author":[{"embeddable":true,"href":"https:\/\/przedszkole61.edu.wroclaw.pl\/index.php\/wp-json\/wp\/v2\/users\/299"}],"replies":[{"embeddable":true,"href":"https:\/\/przedszkole61.edu.wroclaw.pl\/index.php\/wp-json\/wp\/v2\/comments?post=893"}],"version-history":[{"count":48,"href":"https:\/\/przedszkole61.edu.wroclaw.pl\/index.php\/wp-json\/wp\/v2\/pages\/893\/revisions"}],"predecessor-version":[{"id":30491,"href":"https:\/\/przedszkole61.edu.wroclaw.pl\/index.php\/wp-json\/wp\/v2\/pages\/893\/revisions\/30491"}],"wp:attachment":[{"href":"https:\/\/przedszkole61.edu.wroclaw.pl\/index.php\/wp-json\/wp\/v2\/media?parent=893"}],"curies":[{"name":"wp","href":"https:\/\/api.w.org\/{rel}","templated":true}]}}